{"id":102,"date":"2021-08-20T11:59:53","date_gmt":"2021-08-20T09:59:53","guid":{"rendered":"https:\/\/youngbrandawards.de\/?page_id=102"},"modified":"2024-08-15T11:15:24","modified_gmt":"2024-08-15T09:15:24","slug":"about","status":"publish","type":"page","link":"https:\/\/youngbrandawards.de\/en\/about\/","title":{"rendered":"About us - vote and win"},"content":{"rendered":"<div data-elementor-type=\"wp-page\" data-elementor-id=\"102\" class=\"elementor elementor-102\" data-elementor-settings=\"[]\">\n\t\t\t\t\t\t\t<div class=\"elementor-section-wrap\">\n\t\t\t\t\t\t\t<section class=\"elementor-section elementor-top-section elementor-element elementor-element-ede4690 elementor-section-full_width elementor-section-height-default elementor-section-height-default\" data-id=\"ede4690\" data-element_type=\"section\" data-settings=\"{&quot;background_background&quot;:&quot;classic&quot;}\">\n\t\t\t\t\t\t<div class=\"elementor-container elementor-column-gap-default\">\n\t\t\t\t\t<div class=\"elementor-column elementor-col-100 elementor-top-column elementor-element elementor-element-01987b0\" data-id=\"01987b0\" data-element_type=\"column\" data-settings=\"{&quot;background_background&quot;:&quot;classic&quot;}\">\n\t\t\t<div class=\"elementor-widget-wrap elementor-element-populated\">\n\t\t\t\t\t\t\t\t<div class=\"elementor-element elementor-element-9040b5e elementor-widget elementor-widget-heading\" data-id=\"9040b5e\" data-element_type=\"widget\" data-widget_type=\"heading.default\">\n\t\t\t\t<div class=\"elementor-widget-container\">\n\t\t\t<h2 class=\"elementor-heading-title elementor-size-default\"><a href=\"http:\/\/https\/\/www.ybavote.de\">Vote now and win!<\/a><\/h2>\t\t<\/div>\n\t\t\t\t<\/div>\n\t\t\t\t<div class=\"elementor-element elementor-element-0d62ecd elementor-mobile-align-center elementor-align-center elementor-widget elementor-widget-button\" data-id=\"0d62ecd\" data-element_type=\"widget\" data-widget_type=\"button.default\">\n\t\t\t\t<div class=\"elementor-widget-container\">\n\t\t\t\t\t<div class=\"elementor-button-wrapper\">\n\t\t\t<a href=\"https:\/\/ybavote.de\" class=\"elementor-button-link elementor-button elementor-size-sm\" role=\"button\">\n\t\t\t\t\t\t<span class=\"elementor-button-content-wrapper\">\n\t\t\t\t\t\t<span class=\"elementor-button-text\">To the VOTING 2024<\/span>\n\t\t<\/span>\n\t\t\t\t\t<\/a>\n\t\t<\/div>\n\t\t\t\t<\/div>\n\t\t\t\t<\/div>\n\t\t\t\t\t<\/div>\n\t\t<\/div>\n\t\t\t\t\t\t\t<\/div>\n\t\t<\/section>\n\t\t\t\t<section class=\"elementor-section elementor-top-section elementor-element elementor-element-9a41405 elementor-section-boxed elementor-section-height-default elementor-section-height-default\" data-id=\"9a41405\" data-element_type=\"section\" data-settings=\"{&quot;background_background&quot;:&quot;classic&quot;}\">\n\t\t\t\t\t\t<div class=\"elementor-container elementor-column-gap-default\">\n\t\t\t\t\t<div class=\"elementor-column elementor-col-100 elementor-top-column elementor-element elementor-element-38ec0c43\" data-id=\"38ec0c43\" data-element_type=\"column\">\n\t\t\t<div class=\"elementor-widget-wrap elementor-element-populated\">\n\t\t\t\t\t\t\t\t<div class=\"elementor-element elementor-element-27400c84 elementor-widget elementor-widget-text-editor\" data-id=\"27400c84\" data-element_type=\"widget\" data-widget_type=\"text-editor.default\">\n\t\t\t\t<div class=\"elementor-widget-container\">\n\t\t\t\t\t\t\t<div title=\"page 2\"><div><div><h1 style=\"text-align: center;\"><span style=\"color: #000000;\"><strong><span style=\"color: #000000;\"><strong>The YoungBrandAwards are the big annual online voting.<br \/><span style=\"color: #000000;\">Choose the most attractive brands, products and employers now.<\/span><\/strong><strong><br \/><\/strong><\/span><\/strong><\/span><\/h1><h1 style=\"text-align: center;\"><span style=\"color: #000000;\"><strong>There will be cash prizes and numerous prizes <br \/>from participating companies<span style=\"color: #000000;\"><strong> with a total value of over \u20ac 4,000 <\/strong><\/span>raffled<\/strong><strong>.<br \/>Voting starts on May 1st, 2024 at 12:00 noon and runs until October 1st, 2024 at 12:00 noon.<br \/><\/strong><\/span><\/h1><h1 style=\"text-align: center;\"><span style=\"color: #000000;\">We will raffle off the following prizes among all participants:<\/span><\/h1><h1 style=\"text-align: center;\"><strong>2 x \u20ac 500,\u2013<br \/>6 x \u20ac 250,\u2013<br \/><\/strong><strong>15 x \u20ac 100,\u2013<\/strong><\/h1><h1 style=\"text-align: center;\">\u00a0<span style=\"color: #000000;\">Anyone over the age of 16 residing in Germany is eligible to participate.<br \/>After you have specified your age, region and gender, the voting starts. <\/span><br \/><span style=\"color: #000000;\">At the end of the voting you can enter an email address and <br \/>Confirmation of the participation link (double opt-in) to participate in the competition.<br \/>All winners will be drawn at random after voting ends in October 2024 and will be notified personally by email.<\/span><\/h1><h1 style=\"text-align: center;\"><a href=\"https:\/\/youngbrandawards.de\/en\/teilnahmebedingungen\/\"><strong>The conditions of participation can be found under the following link &gt;&gt;<\/strong><\/a><\/h1><h1 style=\"text-align: center;\"><strong><span style=\"color: #000000;\">organizer<\/span><\/strong><span style=\"color: #000000;\"><strong>:<\/strong><br \/>The YoungBrandAwards have been held annually since 2011. <\/span><span style=\"color: #000000;\"><br \/>The institute carrying out the project is Youngcom GmbH.<br \/><\/span><span style=\"color: #000000;\"><br \/><\/span><\/h1><h1 style=\"text-align: center;\"><span style=\"color: #000000;\">The legal process remains excluded.<br \/><\/span><\/h1><\/div><\/div><\/div><h1 style=\"text-align: center;\"><span style=\"color: #000000;\">Anyone over the age of 16 residing in Germany is eligible to participate.<strong><br \/><\/strong><\/span><\/h1><p>\u00a0<\/p>\t\t\t\t\t\t<\/div>\n\t\t\t\t<\/div>\n\t\t\t\t\t<\/div>\n\t\t<\/div>\n\t\t\t\t\t\t\t<\/div>\n\t\t<\/section>\n\t\t\t\t<section class=\"elementor-section elementor-top-section elementor-element elementor-element-40255b50 elementor-section-full_width elementor-section-height-default elementor-section-height-default\" data-id=\"40255b50\" data-element_type=\"section\" data-settings=\"{&quot;background_background&quot;:&quot;classic&quot;}\">\n\t\t\t\t\t\t<div class=\"elementor-container elementor-column-gap-default\">\n\t\t\t\t\t<div class=\"elementor-column elementor-col-100 elementor-top-column elementor-element elementor-element-49469f5c\" data-id=\"49469f5c\" data-element_type=\"column\" data-settings=\"{&quot;background_background&quot;:&quot;classic&quot;}\">\n\t\t\t<div class=\"elementor-widget-wrap elementor-element-populated\">\n\t\t\t\t\t\t\t\t<div class=\"elementor-element elementor-element-2bb5ca24 elementor-widget elementor-widget-heading\" data-id=\"2bb5ca24\" data-element_type=\"widget\" data-widget_type=\"heading.default\">\n\t\t\t\t<div class=\"elementor-widget-container\">\n\t\t\t<h2 class=\"elementor-heading-title elementor-size-default\"><a href=\"http:\/\/https\/\/www.ybavote.de\">Vote now and win!<\/a><\/h2>\t\t<\/div>\n\t\t\t\t<\/div>\n\t\t\t\t<div class=\"elementor-element elementor-element-10e87da4 elementor-mobile-align-center elementor-align-center elementor-widget elementor-widget-button\" data-id=\"10e87da4\" data-element_type=\"widget\" data-widget_type=\"button.default\">\n\t\t\t\t<div class=\"elementor-widget-container\">\n\t\t\t\t\t<div class=\"elementor-button-wrapper\">\n\t\t\t<a href=\"https:\/\/ybavote.de\" class=\"elementor-button-link elementor-button elementor-size-sm\" role=\"button\">\n\t\t\t\t\t\t<span class=\"elementor-button-content-wrapper\">\n\t\t\t\t\t\t<span class=\"elementor-button-text\">To the VOTING 2024<\/span>\n\t\t<\/span>\n\t\t\t\t\t<\/a>\n\t\t<\/div>\n\t\t\t\t<\/div>\n\t\t\t\t<\/div>\n\t\t\t\t\t<\/div>\n\t\t<\/div>\n\t\t\t\t\t\t\t<\/div>\n\t\t<\/section>\n\t\t\t\t\t\t<\/div>\n\t\t\t\t\t<\/div>","protected":false},"excerpt":{"rendered":"<p>Vote now and win! Voting 2024 The YoungBrandAwards are the big annual online voting. Choose the most attractive brands, products, and employers now. Cash prizes and numerous prizes from participating companies with a total value of over \u20ac4,000 will be raffled off. Voting starts on May 1, 2024, at 12:00 PM and runs until October 1, 2024, at 12:00 PM. Among all [\u2026]<\/p>","protected":false},"author":1,"featured_media":0,"parent":0,"menu_order":0,"comment_status":"closed","ping_status":"closed","template":"","meta":[],"yoast_head":"<!-- This site is optimized with the Yoast SEO plugin v20.1 - https:\/\/yoast.com\/wordpress\/plugins\/seo\/ -->\n<title>\u00dcber uns - Voten und Gewinnen - youngbrandawards<\/title>\n<meta name=\"robots\" content=\"index, follow, max-snippet:-1, max-image-preview:large, max-video-preview:-1\" \/>\n<link rel=\"canonical\" href=\"https:\/\/youngbrandawards.de\/en\/about\/\" \/>\n<meta property=\"og:locale\" content=\"en_US\" \/>\n<meta property=\"og:type\" content=\"article\" \/>\n<meta property=\"og:title\" content=\"\u00dcber uns - Voten und Gewinnen - youngbrandawards\" \/>\n<meta property=\"og:description\" content=\"Jetzt voten und gewinnen! Zum VOTING 2024 Die YoungBrandAwards sind das gro\u00dfe j\u00e4hrliche Online-Voting.W\u00e4hle jetzt die attraktivsten Marken, Produkte und Arbeitgeber. Es werden wieder Geldgewinne und zahlreiche Preise von teilnehmenden Unternehmen im Gesamtwert von \u00fcber \u20ac 4.000,- verlost.Das Voting startet am 01.05.2024 um 12.00 Uhr und l\u00e4uft bis zum 01.10.2024 um 12.00 Uhr. Unter allen [&hellip;]\" \/>\n<meta property=\"og:url\" content=\"https:\/\/youngbrandawards.de\/en\/about\/\" \/>\n<meta property=\"og:site_name\" content=\"youngbrandawards\" \/>\n<meta property=\"article:modified_time\" content=\"2024-08-15T09:15:24+00:00\" \/>\n<meta name=\"twitter:card\" content=\"summary_large_image\" \/>\n<meta name=\"twitter:label1\" content=\"Est. reading time\" \/>\n\t<meta name=\"twitter:data1\" content=\"1 minute\" \/>\n<script type=\"application\/ld+json\" class=\"yoast-schema-graph\">{\"@context\":\"https:\/\/schema.org\",\"@graph\":[{\"@type\":\"WebPage\",\"@id\":\"https:\/\/youngbrandawards.de\/about\/\",\"url\":\"https:\/\/youngbrandawards.de\/about\/\",\"name\":\"\u00dcber uns - Voten und Gewinnen - youngbrandawards\",\"isPartOf\":{\"@id\":\"https:\/\/youngbrandawards.de\/#website\"},\"datePublished\":\"2021-08-20T09:59:53+00:00\",\"dateModified\":\"2024-08-15T09:15:24+00:00\",\"breadcrumb\":{\"@id\":\"https:\/\/youngbrandawards.de\/about\/#breadcrumb\"},\"inLanguage\":\"en-US\",\"potentialAction\":[{\"@type\":\"ReadAction\",\"target\":[\"https:\/\/youngbrandawards.de\/about\/\"]}]},{\"@type\":\"BreadcrumbList\",\"@id\":\"https:\/\/youngbrandawards.de\/about\/#breadcrumb\",\"itemListElement\":[{\"@type\":\"ListItem\",\"position\":1,\"name\":\"Startseite\",\"item\":\"https:\/\/youngbrandawards.de\/\"},{\"@type\":\"ListItem\",\"position\":2,\"name\":\"\u00dcber uns &#8211; Voten und Gewinnen\"}]},{\"@type\":\"WebSite\",\"@id\":\"https:\/\/youngbrandawards.de\/#website\",\"url\":\"https:\/\/youngbrandawards.de\/\",\"name\":\"youngbrandawards\",\"description\":\"Das gro\u00dfe Verbrauchervoting - Eure Stimme z\u00e4hlt\",\"publisher\":{\"@id\":\"https:\/\/youngbrandawards.de\/#organization\"},\"potentialAction\":[{\"@type\":\"SearchAction\",\"target\":{\"@type\":\"EntryPoint\",\"urlTemplate\":\"https:\/\/youngbrandawards.de\/?s={search_term_string}\"},\"query-input\":\"required name=search_term_string\"}],\"inLanguage\":\"en-US\"},{\"@type\":\"Organization\",\"@id\":\"https:\/\/youngbrandawards.de\/#organization\",\"name\":\"YoungBrandAwards\",\"url\":\"https:\/\/youngbrandawards.de\/\",\"logo\":{\"@type\":\"ImageObject\",\"inLanguage\":\"en-US\",\"@id\":\"https:\/\/youngbrandawards.de\/#\/schema\/logo\/image\/\",\"url\":\"https:\/\/youngbrandawards.de\/wp-content\/uploads\/sites\/3\/2022\/02\/Young-Award_Logo-Plain.png\",\"contentUrl\":\"https:\/\/youngbrandawards.de\/wp-content\/uploads\/sites\/3\/2022\/02\/Young-Award_Logo-Plain.png\",\"width\":1418,\"height\":606,\"caption\":\"YoungBrandAwards\"},\"image\":{\"@id\":\"https:\/\/youngbrandawards.de\/#\/schema\/logo\/image\/\"}}]}<\/script>\n<!-- \/ Yoast SEO plugin. -->","yoast_head_json":{"title":"\u00dcber uns - Voten und Gewinnen - youngbrandawards","robots":{"index":"index","follow":"follow","max-snippet":"max-snippet:-1","max-image-preview":"max-image-preview:large","max-video-preview":"max-video-preview:-1"},"canonical":"https:\/\/youngbrandawards.de\/en\/about\/","og_locale":"en_US","og_type":"article","og_title":"\u00dcber uns - Voten und Gewinnen - youngbrandawards","og_description":"Jetzt voten und gewinnen! Zum VOTING 2024 Die YoungBrandAwards sind das gro\u00dfe j\u00e4hrliche Online-Voting.W\u00e4hle jetzt die attraktivsten Marken, Produkte und Arbeitgeber. Es werden wieder Geldgewinne und zahlreiche Preise von teilnehmenden Unternehmen im Gesamtwert von \u00fcber \u20ac 4.000,- verlost.Das Voting startet am 01.05.2024 um 12.00 Uhr und l\u00e4uft bis zum 01.10.2024 um 12.00 Uhr. Unter allen [&hellip;]","og_url":"https:\/\/youngbrandawards.de\/en\/about\/","og_site_name":"youngbrandawards","article_modified_time":"2024-08-15T09:15:24+00:00","twitter_card":"summary_large_image","twitter_misc":{"Est. reading time":"1 minute"},"schema":{"@context":"https:\/\/schema.org","@graph":[{"@type":"WebPage","@id":"https:\/\/youngbrandawards.de\/about\/","url":"https:\/\/youngbrandawards.de\/about\/","name":"\u00dcber uns - Voten und Gewinnen - youngbrandawards","isPartOf":{"@id":"https:\/\/youngbrandawards.de\/#website"},"datePublished":"2021-08-20T09:59:53+00:00","dateModified":"2024-08-15T09:15:24+00:00","breadcrumb":{"@id":"https:\/\/youngbrandawards.de\/about\/#breadcrumb"},"inLanguage":"en-US","potentialAction":[{"@type":"ReadAction","target":["https:\/\/youngbrandawards.de\/about\/"]}]},{"@type":"BreadcrumbList","@id":"https:\/\/youngbrandawards.de\/about\/#breadcrumb","itemListElement":[{"@type":"ListItem","position":1,"name":"Startseite","item":"https:\/\/youngbrandawards.de\/"},{"@type":"ListItem","position":2,"name":"\u00dcber uns &#8211; Voten und Gewinnen"}]},{"@type":"WebSite","@id":"https:\/\/youngbrandawards.de\/#website","url":"https:\/\/youngbrandawards.de\/","name":"youngbrandawards","description":"Das gro\u00dfe Verbrauchervoting - Eure Stimme z\u00e4hlt","publisher":{"@id":"https:\/\/youngbrandawards.de\/#organization"},"potentialAction":[{"@type":"SearchAction","target":{"@type":"EntryPoint","urlTemplate":"https:\/\/youngbrandawards.de\/?s={search_term_string}"},"query-input":"required name=search_term_string"}],"inLanguage":"en-US"},{"@type":"Organization","@id":"https:\/\/youngbrandawards.de\/#organization","name":"YoungBrandAwards","url":"https:\/\/youngbrandawards.de\/","logo":{"@type":"ImageObject","inLanguage":"en-US","@id":"https:\/\/youngbrandawards.de\/#\/schema\/logo\/image\/","url":"https:\/\/youngbrandawards.de\/wp-content\/uploads\/sites\/3\/2022\/02\/Young-Award_Logo-Plain.png","contentUrl":"https:\/\/youngbrandawards.de\/wp-content\/uploads\/sites\/3\/2022\/02\/Young-Award_Logo-Plain.png","width":1418,"height":606,"caption":"YoungBrandAwards"},"image":{"@id":"https:\/\/youngbrandawards.de\/#\/schema\/logo\/image\/"}}]}},"_links":{"self":[{"href":"https:\/\/youngbrandawards.de\/en\/wp-json\/wp\/v2\/pages\/102"}],"collection":[{"href":"https:\/\/youngbrandawards.de\/en\/wp-json\/wp\/v2\/pages"}],"about":[{"href":"https:\/\/youngbrandawards.de\/en\/wp-json\/wp\/v2\/types\/page"}],"author":[{"embeddable":true,"href":"https:\/\/youngbrandawards.de\/en\/wp-json\/wp\/v2\/users\/1"}],"replies":[{"embeddable":true,"href":"https:\/\/youngbrandawards.de\/en\/wp-json\/wp\/v2\/comments?post=102"}],"version-history":[{"count":275,"href":"https:\/\/youngbrandawards.de\/en\/wp-json\/wp\/v2\/pages\/102\/revisions"}],"predecessor-version":[{"id":6929,"href":"https:\/\/youngbrandawards.de\/en\/wp-json\/wp\/v2\/pages\/102\/revisions\/6929"}],"wp:attachment":[{"href":"https:\/\/youngbrandawards.de\/en\/wp-json\/wp\/v2\/media?parent=102"}],"curies":[{"name":"wp","href":"https:\/\/api.w.org\/{rel}","templated":true}]}}