{"id":2910,"date":"2022-07-28T09:11:29","date_gmt":"2022-07-28T07:11:29","guid":{"rendered":"https:\/\/youngbrandawards.de\/?page_id=2910"},"modified":"2022-11-02T18:04:52","modified_gmt":"2022-11-02T17:04:52","slug":"youngcom_analysen","status":"publish","type":"page","link":"https:\/\/youngbrandawards.de\/en\/youngcom_analysen\/","title":{"rendered":"Youngcom Analysen"},"content":{"rendered":"<div data-elementor-type=\"wp-page\" data-elementor-id=\"2910\" class=\"elementor elementor-2910\" data-elementor-settings=\"[]\">\n\t\t\t\t\t\t\t<div class=\"elementor-section-wrap\">\n\t\t\t\t\t\t\t<section class=\"elementor-section elementor-top-section elementor-element elementor-element-1b5c318 elementor-section-boxed elementor-section-height-default elementor-section-height-default\" data-id=\"1b5c318\" data-element_type=\"section\" data-settings=\"{&quot;background_background&quot;:&quot;classic&quot;}\">\n\t\t\t\t\t\t\t<div class=\"elementor-background-overlay\"><\/div>\n\t\t\t\t\t\t\t<div class=\"elementor-container elementor-column-gap-default\">\n\t\t\t\t\t<div class=\"elementor-column elementor-col-100 elementor-top-column elementor-element elementor-element-1017868\" data-id=\"1017868\" data-element_type=\"column\" data-settings=\"{&quot;background_background&quot;:&quot;classic&quot;}\">\n\t\t\t<div class=\"elementor-widget-wrap elementor-element-populated\">\n\t\t\t\t\t\t\t\t<div class=\"elementor-element elementor-element-675cfd76 elementor-widget elementor-widget-heading\" data-id=\"675cfd76\" data-element_type=\"widget\" data-widget_type=\"heading.default\">\n\t\t\t\t<div class=\"elementor-widget-container\">\n\t\t\t<h2 class=\"elementor-heading-title elementor-size-default\">Young target group?!<\/h2>\t\t<\/div>\n\t\t\t\t<\/div>\n\t\t\t\t\t<\/div>\n\t\t<\/div>\n\t\t\t\t\t\t\t<\/div>\n\t\t<\/section>\n\t\t\t\t<section class=\"elementor-section elementor-top-section elementor-element elementor-element-51e80090 elementor-section-boxed elementor-section-height-default elementor-section-height-default\" data-id=\"51e80090\" data-element_type=\"section\" data-settings=\"{&quot;background_background&quot;:&quot;classic&quot;}\">\n\t\t\t\t\t\t<div class=\"elementor-container elementor-column-gap-default\">\n\t\t\t\t\t<div class=\"elementor-column elementor-col-100 elementor-top-column elementor-element elementor-element-ee3dfc7\" data-id=\"ee3dfc7\" data-element_type=\"column\">\n\t\t\t<div class=\"elementor-widget-wrap elementor-element-populated\">\n\t\t\t\t\t\t\t\t<div class=\"elementor-element elementor-element-eb1b049 elementor-widget elementor-widget-text-editor\" data-id=\"eb1b049\" data-element_type=\"widget\" data-widget_type=\"text-editor.default\">\n\t\t\t\t<div class=\"elementor-widget-container\">\n\t\t\t\t\t\t\t<div title=\"page 2\"><div><div><h1><b><span style=\"color: #000000\">Young target groups in particular are demanding in terms of how they are addressed and communication channels. <br \/>Their influence on brands, media and consumption is significant.<\/span><\/b><\/h1><h1><span style=\"color: #000000\">Our analyzes support you in the planning and implementation of your communication measures. <br \/><\/span><span style=\"color: #000000\">All content is tailored to individual needs.<\/span><\/h1><\/div><\/div><\/div>\t\t\t\t\t\t<\/div>\n\t\t\t\t<\/div>\n\t\t\t\t\t<\/div>\n\t\t<\/div>\n\t\t\t\t\t\t\t<\/div>\n\t\t<\/section>\n\t\t\t\t<section class=\"elementor-section elementor-top-section elementor-element elementor-element-3e76bac3 elementor-section-boxed elementor-section-height-default elementor-section-height-default\" data-id=\"3e76bac3\" data-element_type=\"section\" data-settings=\"{&quot;background_background&quot;:&quot;classic&quot;}\">\n\t\t\t\t\t\t<div class=\"elementor-container elementor-column-gap-default\">\n\t\t\t\t\t<div class=\"elementor-column elementor-col-100 elementor-top-column elementor-element elementor-element-67f125eb\" data-id=\"67f125eb\" data-element_type=\"column\">\n\t\t\t<div class=\"elementor-widget-wrap elementor-element-populated\">\n\t\t\t\t\t\t\t\t<div class=\"elementor-element elementor-element-17ce5a7c elementor-widget-divider--view-line elementor-widget elementor-widget-divider\" data-id=\"17ce5a7c\" data-element_type=\"widget\" data-widget_type=\"divider.default\">\n\t\t\t\t<div class=\"elementor-widget-container\">\n\t\t\t\t\t<div class=\"elementor-divider\">\n\t\t\t<span class=\"elementor-divider-separator\">\n\t\t\t\t\t\t<\/span>\n\t\t<\/div>\n\t\t\t\t<\/div>\n\t\t\t\t<\/div>\n\t\t\t\t<div class=\"elementor-element elementor-element-5e27f1fc elementor-widget elementor-widget-heading\" data-id=\"5e27f1fc\" data-element_type=\"widget\" data-widget_type=\"heading.default\">\n\t\t\t\t<div class=\"elementor-widget-container\">\n\t\t\t<h2 class=\"elementor-heading-title elementor-size-default\">Analysis of potential and expectations<\/h2>\t\t<\/div>\n\t\t\t\t<\/div>\n\t\t\t\t<div class=\"elementor-element elementor-element-3060880 elementor-widget elementor-widget-text-editor\" data-id=\"3060880\" data-element_type=\"widget\" data-widget_type=\"text-editor.default\">\n\t\t\t\t<div class=\"elementor-widget-container\">\n\t\t\t\t\t\t\t<h1><span style=\"color: #ffffff;\"><strong>What potential does the company, the product, the service have for the young target groups? <br \/>The analysis provides data and data-based arguments from and for consumers, customers or investors<\/strong><\/span><\/h1><h1><span style=\"color: #ffffff;\">\u2013 What should the (new) product for young target groups look like?<\/span><br \/><span style=\"color: #ffffff;\">\u2013 What USPs and benefits are expected?<\/span><br \/><span style=\"color: #ffffff;\">\u2013 What emotions are aroused?<\/span><br \/><span style=\"color: #ffffff;\">\u2013 Which brand name\/branding is appealing?<\/span><br \/><span style=\"color: #ffffff;\">\u2013 Performance vs. label brand?<\/span><br \/><span style=\"color: #ffffff;\">\u2013 Attitudes and opinions (video survey)<\/span><br \/><span style=\"color: #ffffff;\">\u2013 Which competitors are there and which solutions are popular?<\/span><br \/><span style=\"color: #ffffff;\">\u2013 Profile of strengths and weaknesses<\/span><br \/><span style=\"color: #ffffff;\">\u2013 Concrete approaches for communication solutions<\/span><br \/><span style=\"color: #ffffff;\"><strong>around<\/strong><\/span><\/h1>\t\t\t\t\t\t<\/div>\n\t\t\t\t<\/div>\n\t\t\t\t\t<\/div>\n\t\t<\/div>\n\t\t\t\t\t\t\t<\/div>\n\t\t<\/section>\n\t\t\t\t<section class=\"elementor-section elementor-top-section elementor-element elementor-element-e060f04 elementor-section-boxed elementor-section-height-default elementor-section-height-default\" data-id=\"e060f04\" data-element_type=\"section\" data-settings=\"{&quot;background_background&quot;:&quot;classic&quot;}\">\n\t\t\t\t\t\t<div class=\"elementor-container elementor-column-gap-default\">\n\t\t\t\t\t<div class=\"elementor-column elementor-col-100 elementor-top-column elementor-element elementor-element-6454bfa\" data-id=\"6454bfa\" data-element_type=\"column\">\n\t\t\t<div class=\"elementor-widget-wrap elementor-element-populated\">\n\t\t\t\t\t\t\t\t<div class=\"elementor-element elementor-element-24320a4 elementor-widget-divider--view-line elementor-widget elementor-widget-divider\" data-id=\"24320a4\" data-element_type=\"widget\" data-widget_type=\"divider.default\">\n\t\t\t\t<div class=\"elementor-widget-container\">\n\t\t\t\t\t<div class=\"elementor-divider\">\n\t\t\t<span class=\"elementor-divider-separator\">\n\t\t\t\t\t\t<\/span>\n\t\t<\/div>\n\t\t\t\t<\/div>\n\t\t\t\t<\/div>\n\t\t\t\t<div class=\"elementor-element elementor-element-93d060b elementor-widget elementor-widget-heading\" data-id=\"93d060b\" data-element_type=\"widget\" data-widget_type=\"heading.default\">\n\t\t\t\t<div class=\"elementor-widget-container\">\n\t\t\t<h2 class=\"elementor-heading-title elementor-size-default\">Market analysis including trend check<\/h2>\t\t<\/div>\n\t\t\t\t<\/div>\n\t\t\t\t<div class=\"elementor-element elementor-element-92f137f elementor-widget elementor-widget-text-editor\" data-id=\"92f137f\" data-element_type=\"widget\" data-widget_type=\"text-editor.default\">\n\t\t\t\t<div class=\"elementor-widget-container\">\n\t\t\t\t\t\t\t<h1><span style=\"color: #ffffff;\"><strong>An overview of the activities of competitors and the market is of strategic importance, especially when addressing young target groups. The market analysis provides the relevant insights:<\/strong><\/span><\/h1><h1><span style=\"color: #ffffff;\">\u2013 How are the competitors doing in the segment?<\/span><br \/><span style=\"color: #ffffff;\">\u2013 Are there innovative approaches that are also interesting for your company?<\/span><br \/><span style=\"color: #ffffff;\">\u2013 Which competitors are particularly active?<\/span><br \/><span style=\"color: #ffffff;\">\u2013 Which communication and media are well received by the target group?<\/span><br \/><span style=\"color: #ffffff;\">\u2013 Which possible cooperation partners does the company have?<\/span><br \/><span style=\"color: #ffffff;\">\u2013 Trend check \u2013 business and communication<\/span><br \/><span style=\"color: #ffffff;\"><strong>around<\/strong><\/span><\/h1>\t\t\t\t\t\t<\/div>\n\t\t\t\t<\/div>\n\t\t\t\t\t<\/div>\n\t\t<\/div>\n\t\t\t\t\t\t\t<\/div>\n\t\t<\/section>\n\t\t\t\t<section class=\"elementor-section elementor-top-section elementor-element elementor-element-9309005 elementor-section-boxed elementor-section-height-default elementor-section-height-default\" data-id=\"9309005\" data-element_type=\"section\" data-settings=\"{&quot;background_background&quot;:&quot;classic&quot;}\">\n\t\t\t\t\t\t<div class=\"elementor-container elementor-column-gap-default\">\n\t\t\t\t\t<div class=\"elementor-column elementor-col-100 elementor-top-column elementor-element elementor-element-9549360\" data-id=\"9549360\" data-element_type=\"column\">\n\t\t\t<div class=\"elementor-widget-wrap elementor-element-populated\">\n\t\t\t\t\t\t\t\t<div class=\"elementor-element elementor-element-b796ed0 elementor-widget-divider--view-line elementor-widget elementor-widget-divider\" data-id=\"b796ed0\" data-element_type=\"widget\" data-widget_type=\"divider.default\">\n\t\t\t\t<div class=\"elementor-widget-container\">\n\t\t\t\t\t<div class=\"elementor-divider\">\n\t\t\t<span class=\"elementor-divider-separator\">\n\t\t\t\t\t\t<\/span>\n\t\t<\/div>\n\t\t\t\t<\/div>\n\t\t\t\t<\/div>\n\t\t\t\t<div class=\"elementor-element elementor-element-2b7ce34 elementor-widget elementor-widget-heading\" data-id=\"2b7ce34\" data-element_type=\"widget\" data-widget_type=\"heading.default\">\n\t\t\t\t<div class=\"elementor-widget-container\">\n\t\t\t<h2 class=\"elementor-heading-title elementor-size-default\">trend dialog<\/h2>\t\t<\/div>\n\t\t\t\t<\/div>\n\t\t\t\t<div class=\"elementor-element elementor-element-f72cd67 elementor-widget elementor-widget-text-editor\" data-id=\"f72cd67\" data-element_type=\"widget\" data-widget_type=\"text-editor.default\">\n\t\t\t\t<div class=\"elementor-widget-container\">\n\t\t\t\t\t\t\t<h1><span style=\"color: #ffffff;\"><strong>The trend dialogue specifies the external impact, expectations and other important factors within the framework of regular discussions\/interviews.<\/strong><\/span><\/h1><h1><span style=\"color: #ffffff;\">Each age group perceives the communication of a company differently based on their own interests.<\/span><br \/><span style=\"color: #ffffff;\">The trend dialogue is adapted to the individual requirements and wishes of the company. <\/span><br \/><span style=\"color: #ffffff;\">It can be conducted in interview or discussion format (including video).<\/span><br \/><span style=\"color: #ffffff;\"><strong>around<\/strong><\/span><\/h1>\t\t\t\t\t\t<\/div>\n\t\t\t\t<\/div>\n\t\t\t\t\t<\/div>\n\t\t<\/div>\n\t\t\t\t\t\t\t<\/div>\n\t\t<\/section>\n\t\t\t\t<section class=\"elementor-section elementor-top-section elementor-element elementor-element-87f2862 elementor-section-boxed elementor-section-height-default elementor-section-height-default\" data-id=\"87f2862\" data-element_type=\"section\">\n\t\t\t\t\t\t\t<div class=\"elementor-background-overlay\"><\/div>\n\t\t\t\t\t\t\t<div class=\"elementor-container elementor-column-gap-default\">\n\t\t\t\t\t<div class=\"elementor-column elementor-col-100 elementor-top-column elementor-element elementor-element-7ce67e2\" data-id=\"7ce67e2\" data-element_type=\"column\">\n\t\t\t<div class=\"elementor-widget-wrap elementor-element-populated\">\n\t\t\t\t\t\t\t\t<div class=\"elementor-element elementor-element-e7857bb elementor-align-center elementor-widget elementor-widget-button\" data-id=\"e7857bb\" data-element_type=\"widget\" data-widget_type=\"button.default\">\n\t\t\t\t<div class=\"elementor-widget-container\">\n\t\t\t\t\t<div class=\"elementor-button-wrapper\">\n\t\t\t<a href=\"https:\/\/youngbrandawards.de\/en\/anmeldeformular-produkte\/\" class=\"elementor-button-link elementor-button elementor-size-sm\" role=\"button\">\n\t\t\t\t\t\t<span class=\"elementor-button-content-wrapper\">\n\t\t\t\t\t\t<span class=\"elementor-button-text\">Contact<\/span>\n\t\t<\/span>\n\t\t\t\t\t<\/a>\n\t\t<\/div>\n\t\t\t\t<\/div>\n\t\t\t\t<\/div>\n\t\t\t\t\t<\/div>\n\t\t<\/div>\n\t\t\t\t\t\t\t<\/div>\n\t\t<\/section>\n\t\t\t\t\t\t<\/div>\n\t\t\t\t\t<\/div>","protected":false},"excerpt":{"rendered":"<p>Junge Zielgruppe?! Gerade junge Zielgruppen sind anspruchsvoll in Bezug auf ihre Ansprache und Kommunikationskan\u00e4le. Ihr Einfluss auf Marken, Medien und Konsum ist erheblich. Unsere Analysen unterst\u00fctzen Euch bei der Planung und Umsetzung Eurer Kommunikationsma\u00dfnahmen. Alle Inhalte werden auf individuelle Bed\u00fcrfnisse abgestimmt. Potential- und Erwartungsanalyse Welches Potential hat das Unternehmen, das Produkt, der Service bei den [&hellip;]<\/p>","protected":false},"author":1,"featured_media":0,"parent":0,"menu_order":0,"comment_status":"closed","ping_status":"closed","template":"","meta":[],"yoast_head":"<!-- This site is optimized with the Yoast SEO plugin v20.1 - https:\/\/yoast.com\/wordpress\/plugins\/seo\/ -->\n<title>Youngcom Analysen - youngbrandawards<\/title>\n<meta name=\"robots\" content=\"index, follow, max-snippet:-1, max-image-preview:large, max-video-preview:-1\" \/>\n<link rel=\"canonical\" href=\"https:\/\/youngbrandawards.de\/en\/youngcom_analysen\/\" \/>\n<meta property=\"og:locale\" content=\"en_US\" \/>\n<meta property=\"og:type\" content=\"article\" \/>\n<meta property=\"og:title\" content=\"Youngcom Analysen - youngbrandawards\" \/>\n<meta property=\"og:description\" content=\"Junge Zielgruppe?! Gerade junge Zielgruppen sind anspruchsvoll in Bezug auf ihre Ansprache und Kommunikationskan\u00e4le. Ihr Einfluss auf Marken, Medien und Konsum ist erheblich. Unsere Analysen unterst\u00fctzen Euch bei der Planung und Umsetzung Eurer Kommunikationsma\u00dfnahmen. Alle Inhalte werden auf individuelle Bed\u00fcrfnisse abgestimmt. Potential- und Erwartungsanalyse Welches Potential hat das Unternehmen, das Produkt, der Service bei den [&hellip;]\" \/>\n<meta property=\"og:url\" content=\"https:\/\/youngbrandawards.de\/en\/youngcom_analysen\/\" \/>\n<meta property=\"og:site_name\" content=\"youngbrandawards\" \/>\n<meta property=\"article:modified_time\" content=\"2022-11-02T17:04:52+00:00\" \/>\n<meta name=\"twitter:card\" content=\"summary_large_image\" \/>\n<meta name=\"twitter:label1\" content=\"Est. reading time\" \/>\n\t<meta name=\"twitter:data1\" content=\"2 minutes\" \/>\n<script type=\"application\/ld+json\" class=\"yoast-schema-graph\">{\"@context\":\"https:\/\/schema.org\",\"@graph\":[{\"@type\":\"WebPage\",\"@id\":\"https:\/\/youngbrandawards.de\/youngcom_analysen\/\",\"url\":\"https:\/\/youngbrandawards.de\/youngcom_analysen\/\",\"name\":\"Youngcom Analysen - youngbrandawards\",\"isPartOf\":{\"@id\":\"https:\/\/youngbrandawards.de\/#website\"},\"datePublished\":\"2022-07-28T07:11:29+00:00\",\"dateModified\":\"2022-11-02T17:04:52+00:00\",\"breadcrumb\":{\"@id\":\"https:\/\/youngbrandawards.de\/youngcom_analysen\/#breadcrumb\"},\"inLanguage\":\"en-US\",\"potentialAction\":[{\"@type\":\"ReadAction\",\"target\":[\"https:\/\/youngbrandawards.de\/youngcom_analysen\/\"]}]},{\"@type\":\"BreadcrumbList\",\"@id\":\"https:\/\/youngbrandawards.de\/youngcom_analysen\/#breadcrumb\",\"itemListElement\":[{\"@type\":\"ListItem\",\"position\":1,\"name\":\"Startseite\",\"item\":\"https:\/\/youngbrandawards.de\/\"},{\"@type\":\"ListItem\",\"position\":2,\"name\":\"Youngcom Analysen\"}]},{\"@type\":\"WebSite\",\"@id\":\"https:\/\/youngbrandawards.de\/#website\",\"url\":\"https:\/\/youngbrandawards.de\/\",\"name\":\"youngbrandawards\",\"description\":\"Das gro\u00dfe Verbrauchervoting - Eure Stimme z\u00e4hlt\",\"publisher\":{\"@id\":\"https:\/\/youngbrandawards.de\/#organization\"},\"potentialAction\":[{\"@type\":\"SearchAction\",\"target\":{\"@type\":\"EntryPoint\",\"urlTemplate\":\"https:\/\/youngbrandawards.de\/?s={search_term_string}\"},\"query-input\":\"required name=search_term_string\"}],\"inLanguage\":\"en-US\"},{\"@type\":\"Organization\",\"@id\":\"https:\/\/youngbrandawards.de\/#organization\",\"name\":\"YoungBrandAwards\",\"url\":\"https:\/\/youngbrandawards.de\/\",\"logo\":{\"@type\":\"ImageObject\",\"inLanguage\":\"en-US\",\"@id\":\"https:\/\/youngbrandawards.de\/#\/schema\/logo\/image\/\",\"url\":\"https:\/\/youngbrandawards.de\/wp-content\/uploads\/sites\/3\/2022\/02\/Young-Award_Logo-Plain.png\",\"contentUrl\":\"https:\/\/youngbrandawards.de\/wp-content\/uploads\/sites\/3\/2022\/02\/Young-Award_Logo-Plain.png\",\"width\":1418,\"height\":606,\"caption\":\"YoungBrandAwards\"},\"image\":{\"@id\":\"https:\/\/youngbrandawards.de\/#\/schema\/logo\/image\/\"}}]}<\/script>\n<!-- \/ Yoast SEO plugin. -->","yoast_head_json":{"title":"Youngcom Analysen - youngbrandawards","robots":{"index":"index","follow":"follow","max-snippet":"max-snippet:-1","max-image-preview":"max-image-preview:large","max-video-preview":"max-video-preview:-1"},"canonical":"https:\/\/youngbrandawards.de\/en\/youngcom_analysen\/","og_locale":"en_US","og_type":"article","og_title":"Youngcom Analysen - youngbrandawards","og_description":"Junge Zielgruppe?! Gerade junge Zielgruppen sind anspruchsvoll in Bezug auf ihre Ansprache und Kommunikationskan\u00e4le. Ihr Einfluss auf Marken, Medien und Konsum ist erheblich. Unsere Analysen unterst\u00fctzen Euch bei der Planung und Umsetzung Eurer Kommunikationsma\u00dfnahmen. Alle Inhalte werden auf individuelle Bed\u00fcrfnisse abgestimmt. Potential- und Erwartungsanalyse Welches Potential hat das Unternehmen, das Produkt, der Service bei den [&hellip;]","og_url":"https:\/\/youngbrandawards.de\/en\/youngcom_analysen\/","og_site_name":"youngbrandawards","article_modified_time":"2022-11-02T17:04:52+00:00","twitter_card":"summary_large_image","twitter_misc":{"Est. reading time":"2 minutes"},"schema":{"@context":"https:\/\/schema.org","@graph":[{"@type":"WebPage","@id":"https:\/\/youngbrandawards.de\/youngcom_analysen\/","url":"https:\/\/youngbrandawards.de\/youngcom_analysen\/","name":"Youngcom Analysen - youngbrandawards","isPartOf":{"@id":"https:\/\/youngbrandawards.de\/#website"},"datePublished":"2022-07-28T07:11:29+00:00","dateModified":"2022-11-02T17:04:52+00:00","breadcrumb":{"@id":"https:\/\/youngbrandawards.de\/youngcom_analysen\/#breadcrumb"},"inLanguage":"en-US","potentialAction":[{"@type":"ReadAction","target":["https:\/\/youngbrandawards.de\/youngcom_analysen\/"]}]},{"@type":"BreadcrumbList","@id":"https:\/\/youngbrandawards.de\/youngcom_analysen\/#breadcrumb","itemListElement":[{"@type":"ListItem","position":1,"name":"Startseite","item":"https:\/\/youngbrandawards.de\/"},{"@type":"ListItem","position":2,"name":"Youngcom Analysen"}]},{"@type":"WebSite","@id":"https:\/\/youngbrandawards.de\/#website","url":"https:\/\/youngbrandawards.de\/","name":"youngbrandawards","description":"Das gro\u00dfe Verbrauchervoting - Eure Stimme z\u00e4hlt","publisher":{"@id":"https:\/\/youngbrandawards.de\/#organization"},"potentialAction":[{"@type":"SearchAction","target":{"@type":"EntryPoint","urlTemplate":"https:\/\/youngbrandawards.de\/?s={search_term_string}"},"query-input":"required name=search_term_string"}],"inLanguage":"en-US"},{"@type":"Organization","@id":"https:\/\/youngbrandawards.de\/#organization","name":"YoungBrandAwards","url":"https:\/\/youngbrandawards.de\/","logo":{"@type":"ImageObject","inLanguage":"en-US","@id":"https:\/\/youngbrandawards.de\/#\/schema\/logo\/image\/","url":"https:\/\/youngbrandawards.de\/wp-content\/uploads\/sites\/3\/2022\/02\/Young-Award_Logo-Plain.png","contentUrl":"https:\/\/youngbrandawards.de\/wp-content\/uploads\/sites\/3\/2022\/02\/Young-Award_Logo-Plain.png","width":1418,"height":606,"caption":"YoungBrandAwards"},"image":{"@id":"https:\/\/youngbrandawards.de\/#\/schema\/logo\/image\/"}}]}},"_links":{"self":[{"href":"https:\/\/youngbrandawards.de\/en\/wp-json\/wp\/v2\/pages\/2910"}],"collection":[{"href":"https:\/\/youngbrandawards.de\/en\/wp-json\/wp\/v2\/pages"}],"about":[{"href":"https:\/\/youngbrandawards.de\/en\/wp-json\/wp\/v2\/types\/page"}],"author":[{"embeddable":true,"href":"https:\/\/youngbrandawards.de\/en\/wp-json\/wp\/v2\/users\/1"}],"replies":[{"embeddable":true,"href":"https:\/\/youngbrandawards.de\/en\/wp-json\/wp\/v2\/comments?post=2910"}],"version-history":[{"count":70,"href":"https:\/\/youngbrandawards.de\/en\/wp-json\/wp\/v2\/pages\/2910\/revisions"}],"predecessor-version":[{"id":3734,"href":"https:\/\/youngbrandawards.de\/en\/wp-json\/wp\/v2\/pages\/2910\/revisions\/3734"}],"wp:attachment":[{"href":"https:\/\/youngbrandawards.de\/en\/wp-json\/wp\/v2\/media?parent=2910"}],"curies":[{"name":"wp","href":"https:\/\/api.w.org\/{rel}","templated":true}]}}