{"id":3210,"date":"2022-10-11T11:15:48","date_gmt":"2022-10-11T09:15:48","guid":{"rendered":"https:\/\/youngbrandawards.de\/?page_id=3210"},"modified":"2026-04-28T11:35:36","modified_gmt":"2026-04-28T09:35:36","slug":"die_awards","status":"publish","type":"page","link":"https:\/\/youngbrandawards.de\/en\/","title":{"rendered":"The awards"},"content":{"rendered":"<div data-elementor-type=\"wp-page\" data-elementor-id=\"3210\" class=\"elementor elementor-3210\" data-elementor-settings=\"[]\">\n\t\t\t\t\t\t\t<div class=\"elementor-section-wrap\">\n\t\t\t\t\t\t\t<section class=\"elementor-section elementor-top-section elementor-element elementor-element-5e5b3428 elementor-section-height-full elementor-section-boxed elementor-section-height-default elementor-section-items-middle\" data-id=\"5e5b3428\" data-element_type=\"section\" data-settings=\"{&quot;background_background&quot;:&quot;classic&quot;,&quot;background_motion_fx_motion_fx_scrolling&quot;:&quot;yes&quot;,&quot;background_motion_fx_devices&quot;:[&quot;desktop&quot;,&quot;tablet&quot;,&quot;mobile&quot;]}\">\n\t\t\t\t\t\t\t<div class=\"elementor-background-overlay\"><\/div>\n\t\t\t\t\t\t\t<div class=\"elementor-container elementor-column-gap-default\">\n\t\t\t\t\t<div class=\"elementor-column elementor-col-100 elementor-top-column elementor-element elementor-element-17f65552\" data-id=\"17f65552\" data-element_type=\"column\">\n\t\t\t<div class=\"elementor-widget-wrap elementor-element-populated\">\n\t\t\t\t\t\t\t\t<div class=\"elementor-element elementor-element-03b101e elementor-widget elementor-widget-heading\" data-id=\"03b101e\" data-element_type=\"widget\" data-widget_type=\"heading.default\">\n\t\t\t\t<div class=\"elementor-widget-container\">\n\t\t\t<h2 class=\"elementor-heading-title elementor-size-medium\"><a href=\"http:\/\/jetztvoten.de\">Voting starts on May 1st, 2026!<\/a><\/h2>\t\t<\/div>\n\t\t\t\t<\/div>\n\t\t\t\t\t<\/div>\n\t\t<\/div>\n\t\t\t\t\t\t\t<\/div>\n\t\t<\/section>\n\t\t\t\t<section class=\"elementor-section elementor-top-section elementor-element elementor-element-12eeb52c elementor-section-boxed elementor-section-height-default elementor-section-height-default\" data-id=\"12eeb52c\" data-element_type=\"section\" data-settings=\"{&quot;background_background&quot;:&quot;classic&quot;}\">\n\t\t\t\t\t\t<div class=\"elementor-container elementor-column-gap-default\">\n\t\t\t\t\t<div class=\"elementor-column elementor-col-100 elementor-top-column elementor-element elementor-element-3636ad57\" data-id=\"3636ad57\" data-element_type=\"column\">\n\t\t\t<div class=\"elementor-widget-wrap elementor-element-populated\">\n\t\t\t\t\t\t\t\t<div class=\"elementor-element elementor-element-48bb1d43 elementor-widget elementor-widget-heading\" data-id=\"48bb1d43\" data-element_type=\"widget\" data-widget_type=\"heading.default\">\n\t\t\t\t<div class=\"elementor-widget-container\">\n\t\t\t<h2 class=\"elementor-heading-title elementor-size-default\"><a href=\"http:\/\/jetztvoten.de\">The voting<\/a><\/h2>\t\t<\/div>\n\t\t\t\t<\/div>\n\t\t\t\t<div class=\"elementor-element elementor-element-4a5dc6af elementor-widget elementor-widget-heading\" data-id=\"4a5dc6af\" data-element_type=\"widget\" data-widget_type=\"heading.default\">\n\t\t\t\t<div class=\"elementor-widget-container\">\n\t\t\t<h2 class=\"elementor-heading-title elementor-size-default\">The YoungBrandAwards have been that since 2011 <b>largest independent online voting<\/b> among adolescents and young adults in Germany. This year, everything revolves around the topics <b>Finance, pensions and insurance!<\/b><\/h2>\t\t<\/div>\n\t\t\t\t<\/div>\n\t\t\t\t<div class=\"elementor-element elementor-element-4b479c3d elementor-widget-divider--view-line elementor-widget elementor-widget-divider\" data-id=\"4b479c3d\" data-element_type=\"widget\" data-widget_type=\"divider.default\">\n\t\t\t\t<div class=\"elementor-widget-container\">\n\t\t\t\t\t<div class=\"elementor-divider\">\n\t\t\t<span class=\"elementor-divider-separator\">\n\t\t\t\t\t\t<\/span>\n\t\t<\/div>\n\t\t\t\t<\/div>\n\t\t\t\t<\/div>\n\t\t\t\t\t<\/div>\n\t\t<\/div>\n\t\t\t\t\t\t\t<\/div>\n\t\t<\/section>\n\t\t\t\t<section class=\"elementor-section elementor-top-section elementor-element elementor-element-4cbb54c elementor-section-height-min-height elementor-section-boxed elementor-section-height-default elementor-section-items-middle\" data-id=\"4cbb54c\" data-element_type=\"section\" data-settings=\"{&quot;background_background&quot;:&quot;classic&quot;,&quot;background_motion_fx_motion_fx_scrolling&quot;:&quot;yes&quot;,&quot;background_motion_fx_devices&quot;:[&quot;desktop&quot;,&quot;tablet&quot;,&quot;mobile&quot;]}\">\n\t\t\t\t\t\t\t<div class=\"elementor-background-overlay\"><\/div>\n\t\t\t\t\t\t\t<div class=\"elementor-container elementor-column-gap-default\">\n\t\t\t\t\t<div class=\"elementor-column elementor-col-100 elementor-top-column elementor-element elementor-element-b679ce5\" data-id=\"b679ce5\" data-element_type=\"column\">\n\t\t\t<div class=\"elementor-widget-wrap elementor-element-populated\">\n\t\t\t\t\t\t\t\t\t<\/div>\n\t\t<\/div>\n\t\t\t\t\t\t\t<\/div>\n\t\t<\/section>\n\t\t\t\t\t\t<\/div>\n\t\t\t\t\t<\/div>","protected":false},"excerpt":{"rendered":"<p>Das Voting startet am 01.05.2026! Das Voting Seit 2011 sind die YoungBrandAwards das gr\u00f6\u00dfte unabh\u00e4ngige Online-Voting unter Jugendlichen und jungen Erwachsenen in Deutschland. Dieses Jahr dreht sich alles um die Themen Finanzen, Vorsorge und Versicherungen!<\/p>","protected":false},"author":1,"featured_media":0,"parent":0,"menu_order":0,"comment_status":"closed","ping_status":"closed","template":"","meta":[],"yoast_head":"<!-- This site is optimized with the Yoast SEO plugin v20.1 - https:\/\/yoast.com\/wordpress\/plugins\/seo\/ -->\n<title>Die Awards | YoungBrandAwards<\/title>\n<meta name=\"description\" content=\"Die YoungBrandAwards sind seit 2011 das gro\u00dfe unabha\u0308ngige\u2028 Verbrauchervoting f\u00fcr Marken, Produkte und Services.\u2028\u2028\" \/>\n<meta name=\"robots\" content=\"index, follow, max-snippet:-1, max-image-preview:large, max-video-preview:-1\" \/>\n<link rel=\"canonical\" href=\"https:\/\/youngbrandawards.de\/en\/\" \/>\n<meta property=\"og:locale\" content=\"en_US\" \/>\n<meta property=\"og:type\" content=\"article\" \/>\n<meta property=\"og:title\" content=\"Die Awards | YoungBrandAwards\" \/>\n<meta property=\"og:description\" content=\"Die YoungBrandAwards sind seit 2011 das gro\u00dfe unabha\u0308ngige\u2028 Verbrauchervoting f\u00fcr Marken, Produkte und Services.\u2028\u2028\" \/>\n<meta property=\"og:url\" content=\"https:\/\/youngbrandawards.de\/en\/\" \/>\n<meta property=\"og:site_name\" content=\"youngbrandawards\" \/>\n<meta property=\"article:modified_time\" content=\"2026-04-28T09:35:36+00:00\" \/>\n<meta name=\"twitter:card\" content=\"summary_large_image\" \/>\n<meta name=\"twitter:label1\" content=\"Est. reading time\" \/>\n\t<meta name=\"twitter:data1\" content=\"1 minute\" \/>\n<script type=\"application\/ld+json\" class=\"yoast-schema-graph\">{\"@context\":\"https:\/\/schema.org\",\"@graph\":[{\"@type\":\"WebPage\",\"@id\":\"https:\/\/youngbrandawards.de\/\",\"url\":\"https:\/\/youngbrandawards.de\/\",\"name\":\"Die Awards | YoungBrandAwards\",\"isPartOf\":{\"@id\":\"https:\/\/youngbrandawards.de\/#website\"},\"datePublished\":\"2022-10-11T09:15:48+00:00\",\"dateModified\":\"2026-04-28T09:35:36+00:00\",\"description\":\"Die YoungBrandAwards sind seit 2011 das gro\u00dfe unabha\u0308ngige\\u2028 Verbrauchervoting f\u00fcr Marken, Produkte und Services.\\u2028\\u2028\",\"breadcrumb\":{\"@id\":\"https:\/\/youngbrandawards.de\/#breadcrumb\"},\"inLanguage\":\"en-US\",\"potentialAction\":[{\"@type\":\"ReadAction\",\"target\":[\"https:\/\/youngbrandawards.de\/\"]}]},{\"@type\":\"BreadcrumbList\",\"@id\":\"https:\/\/youngbrandawards.de\/#breadcrumb\",\"itemListElement\":[{\"@type\":\"ListItem\",\"position\":1,\"name\":\"Startseite\",\"item\":\"https:\/\/youngbrandawards.de\/\"},{\"@type\":\"ListItem\",\"position\":2,\"name\":\"Die Awards\"}]},{\"@type\":\"WebSite\",\"@id\":\"https:\/\/youngbrandawards.de\/#website\",\"url\":\"https:\/\/youngbrandawards.de\/\",\"name\":\"youngbrandawards\",\"description\":\"Das gro\u00dfe Verbrauchervoting - Eure Stimme z\u00e4hlt\",\"publisher\":{\"@id\":\"https:\/\/youngbrandawards.de\/#organization\"},\"potentialAction\":[{\"@type\":\"SearchAction\",\"target\":{\"@type\":\"EntryPoint\",\"urlTemplate\":\"https:\/\/youngbrandawards.de\/?s={search_term_string}\"},\"query-input\":\"required name=search_term_string\"}],\"inLanguage\":\"en-US\"},{\"@type\":\"Organization\",\"@id\":\"https:\/\/youngbrandawards.de\/#organization\",\"name\":\"YoungBrandAwards\",\"url\":\"https:\/\/youngbrandawards.de\/\",\"logo\":{\"@type\":\"ImageObject\",\"inLanguage\":\"en-US\",\"@id\":\"https:\/\/youngbrandawards.de\/#\/schema\/logo\/image\/\",\"url\":\"https:\/\/youngbrandawards.de\/wp-content\/uploads\/sites\/3\/2022\/02\/Young-Award_Logo-Plain.png\",\"contentUrl\":\"https:\/\/youngbrandawards.de\/wp-content\/uploads\/sites\/3\/2022\/02\/Young-Award_Logo-Plain.png\",\"width\":1418,\"height\":606,\"caption\":\"YoungBrandAwards\"},\"image\":{\"@id\":\"https:\/\/youngbrandawards.de\/#\/schema\/logo\/image\/\"}}]}<\/script>\n<!-- \/ Yoast SEO plugin. -->","yoast_head_json":{"title":"Die Awards | YoungBrandAwards","description":"Die YoungBrandAwards sind seit 2011 das gro\u00dfe unabha\u0308ngige\u2028 Verbrauchervoting f\u00fcr Marken, Produkte und Services.\u2028\u2028","robots":{"index":"index","follow":"follow","max-snippet":"max-snippet:-1","max-image-preview":"max-image-preview:large","max-video-preview":"max-video-preview:-1"},"canonical":"https:\/\/youngbrandawards.de\/en\/","og_locale":"en_US","og_type":"article","og_title":"Die Awards | YoungBrandAwards","og_description":"Die YoungBrandAwards sind seit 2011 das gro\u00dfe unabha\u0308ngige\u2028 Verbrauchervoting f\u00fcr Marken, Produkte und Services.\u2028\u2028","og_url":"https:\/\/youngbrandawards.de\/en\/","og_site_name":"youngbrandawards","article_modified_time":"2026-04-28T09:35:36+00:00","twitter_card":"summary_large_image","twitter_misc":{"Est. reading time":"1 minute"},"schema":{"@context":"https:\/\/schema.org","@graph":[{"@type":"WebPage","@id":"https:\/\/youngbrandawards.de\/","url":"https:\/\/youngbrandawards.de\/","name":"Die Awards | YoungBrandAwards","isPartOf":{"@id":"https:\/\/youngbrandawards.de\/#website"},"datePublished":"2022-10-11T09:15:48+00:00","dateModified":"2026-04-28T09:35:36+00:00","description":"Die YoungBrandAwards sind seit 2011 das gro\u00dfe unabha\u0308ngige\u2028 Verbrauchervoting f\u00fcr Marken, Produkte und Services.\u2028\u2028","breadcrumb":{"@id":"https:\/\/youngbrandawards.de\/#breadcrumb"},"inLanguage":"en-US","potentialAction":[{"@type":"ReadAction","target":["https:\/\/youngbrandawards.de\/"]}]},{"@type":"BreadcrumbList","@id":"https:\/\/youngbrandawards.de\/#breadcrumb","itemListElement":[{"@type":"ListItem","position":1,"name":"Startseite","item":"https:\/\/youngbrandawards.de\/"},{"@type":"ListItem","position":2,"name":"Die Awards"}]},{"@type":"WebSite","@id":"https:\/\/youngbrandawards.de\/#website","url":"https:\/\/youngbrandawards.de\/","name":"youngbrandawards","description":"Das gro\u00dfe Verbrauchervoting - Eure Stimme z\u00e4hlt","publisher":{"@id":"https:\/\/youngbrandawards.de\/#organization"},"potentialAction":[{"@type":"SearchAction","target":{"@type":"EntryPoint","urlTemplate":"https:\/\/youngbrandawards.de\/?s={search_term_string}"},"query-input":"required name=search_term_string"}],"inLanguage":"en-US"},{"@type":"Organization","@id":"https:\/\/youngbrandawards.de\/#organization","name":"YoungBrandAwards","url":"https:\/\/youngbrandawards.de\/","logo":{"@type":"ImageObject","inLanguage":"en-US","@id":"https:\/\/youngbrandawards.de\/#\/schema\/logo\/image\/","url":"https:\/\/youngbrandawards.de\/wp-content\/uploads\/sites\/3\/2022\/02\/Young-Award_Logo-Plain.png","contentUrl":"https:\/\/youngbrandawards.de\/wp-content\/uploads\/sites\/3\/2022\/02\/Young-Award_Logo-Plain.png","width":1418,"height":606,"caption":"YoungBrandAwards"},"image":{"@id":"https:\/\/youngbrandawards.de\/#\/schema\/logo\/image\/"}}]}},"_links":{"self":[{"href":"https:\/\/youngbrandawards.de\/en\/wp-json\/wp\/v2\/pages\/3210"}],"collection":[{"href":"https:\/\/youngbrandawards.de\/en\/wp-json\/wp\/v2\/pages"}],"about":[{"href":"https:\/\/youngbrandawards.de\/en\/wp-json\/wp\/v2\/types\/page"}],"author":[{"embeddable":true,"href":"https:\/\/youngbrandawards.de\/en\/wp-json\/wp\/v2\/users\/1"}],"replies":[{"embeddable":true,"href":"https:\/\/youngbrandawards.de\/en\/wp-json\/wp\/v2\/comments?post=3210"}],"version-history":[{"count":610,"href":"https:\/\/youngbrandawards.de\/en\/wp-json\/wp\/v2\/pages\/3210\/revisions"}],"predecessor-version":[{"id":8296,"href":"https:\/\/youngbrandawards.de\/en\/wp-json\/wp\/v2\/pages\/3210\/revisions\/8296"}],"wp:attachment":[{"href":"https:\/\/youngbrandawards.de\/en\/wp-json\/wp\/v2\/media?parent=3210"}],"curies":[{"name":"wp","href":"https:\/\/api.w.org\/{rel}","templated":true}]}}