{"id":5382,"date":"2023-12-21T22:01:30","date_gmt":"2023-12-21T21:01:30","guid":{"rendered":"https:\/\/youngbrandawards.de\/?page_id=5382"},"modified":"2024-04-24T19:26:43","modified_gmt":"2024-04-24T17:26:43","slug":"marken-info-2024","status":"publish","type":"page","link":"https:\/\/youngbrandawards.de\/en\/marken-info-2024\/","title":{"rendered":"Brand Info 2024"},"content":{"rendered":"\t\t<div data-elementor-type=\"wp-page\" data-elementor-id=\"5382\" class=\"elementor elementor-5382\" data-elementor-settings=\"[]\">\n\t\t\t\t\t\t\t<div class=\"elementor-section-wrap\">\n\t\t\t\t\t\t\t<section class=\"elementor-section elementor-top-section elementor-element elementor-element-5e5b3428 elementor-section-height-min-height elementor-section-boxed elementor-section-height-default elementor-section-items-middle\" data-id=\"5e5b3428\" data-element_type=\"section\" data-settings=\"{&quot;background_background&quot;:&quot;classic&quot;,&quot;background_motion_fx_motion_fx_scrolling&quot;:&quot;yes&quot;,&quot;background_motion_fx_devices&quot;:[&quot;desktop&quot;,&quot;tablet&quot;,&quot;mobile&quot;]}\">\n\t\t\t\t\t\t\t<div class=\"elementor-background-overlay\"><\/div>\n\t\t\t\t\t\t\t<div class=\"elementor-container elementor-column-gap-default\">\n\t\t\t\t\t<div class=\"elementor-column elementor-col-100 elementor-top-column elementor-element elementor-element-17f65552\" data-id=\"17f65552\" data-element_type=\"column\">\n\t\t\t<div class=\"elementor-widget-wrap elementor-element-populated\">\n\t\t\t\t\t\t\t\t<div class=\"elementor-element elementor-element-3ef46bb9 elementor-widget elementor-widget-heading\" data-id=\"3ef46bb9\" data-element_type=\"widget\" data-widget_type=\"heading.default\">\n\t\t\t\t<div class=\"elementor-widget-container\">\n\t\t\t<h2 class=\"elementor-heading-title elementor-size-default\"><a href=\"https:\/\/ybavote.de\/YoungBrandAwards2023\/start\">EURE LIEBLINGSMARKEN 2024<\/a><\/h2>\t\t<\/div>\n\t\t\t\t<\/div>\n\t\t\t\t\t<\/div>\n\t\t<\/div>\n\t\t\t\t\t\t\t<\/div>\n\t\t<\/section>\n\t\t\t\t<section class=\"elementor-section elementor-top-section elementor-element elementor-element-4b80652 elementor-section-boxed elementor-section-height-default elementor-section-height-default\" data-id=\"4b80652\" data-element_type=\"section\" data-settings=\"{&quot;background_background&quot;:&quot;classic&quot;}\">\n\t\t\t\t\t\t<div class=\"elementor-container elementor-column-gap-default\">\n\t\t\t\t\t<div class=\"elementor-column elementor-col-100 elementor-top-column elementor-element elementor-element-7721c101\" data-id=\"7721c101\" data-element_type=\"column\">\n\t\t\t<div class=\"elementor-widget-wrap elementor-element-populated\">\n\t\t\t\t\t\t\t\t<div class=\"elementor-element elementor-element-72b85c9b elementor-widget-divider--view-line elementor-widget elementor-widget-divider\" data-id=\"72b85c9b\" data-element_type=\"widget\" data-widget_type=\"divider.default\">\n\t\t\t\t<div class=\"elementor-widget-container\">\n\t\t\t\t\t<div class=\"elementor-divider\">\n\t\t\t<span class=\"elementor-divider-separator\">\n\t\t\t\t\t\t<\/span>\n\t\t<\/div>\n\t\t\t\t<\/div>\n\t\t\t\t<\/div>\n\t\t\t\t\t<\/div>\n\t\t<\/div>\n\t\t\t\t\t\t\t<\/div>\n\t\t<\/section>\n\t\t\t\t<section class=\"elementor-section elementor-top-section elementor-element elementor-element-12eeb52c elementor-section-boxed elementor-section-height-default elementor-section-height-default\" data-id=\"12eeb52c\" data-element_type=\"section\" data-settings=\"{&quot;background_background&quot;:&quot;classic&quot;}\">\n\t\t\t\t\t\t<div class=\"elementor-container elementor-column-gap-default\">\n\t\t\t\t\t<div class=\"elementor-column elementor-col-100 elementor-top-column elementor-element elementor-element-3636ad57\" data-id=\"3636ad57\" data-element_type=\"column\">\n\t\t\t<div class=\"elementor-widget-wrap elementor-element-populated\">\n\t\t\t\t\t\t\t\t<div class=\"elementor-element elementor-element-4a5dc6af elementor-widget elementor-widget-heading\" data-id=\"4a5dc6af\" data-element_type=\"widget\" data-widget_type=\"heading.default\">\n\t\t\t\t<div class=\"elementor-widget-container\">\n\t\t\t<h2 class=\"elementor-heading-title elementor-size-default\"><b>NOMINIERUNG<\/b>\n<br>\nAlle Marken werden im Rahmen einer ungest\u00fctzten Umfrage im Youngcom Jugendnetwork (Altersgruppe 16 bis 35 Jahre; n=200; Januar 2024) nominiert.<br><br>\n\n<b>TEILNAHME \"LIEBLINGSMARKEN 2024\"<\/b><br>\n- Das Voting startet am 01.05.2024 und endet am 01.10.2024<br>\n- Abgefragt wird jeweils <u>die beliebteste Marke<\/u> <br>(in einer Auswahl von mindestens 3 und maximal 8 Marken) einer Kategorie.<br>\n- Gewinner ist die Marke mit den <u>meisten Stimmen aller Voter im Alter von 16 bis 35 Jahren<\/u><br>\n- Nominierte Unternehmen k\u00f6nnen w\u00e4hrend des Votings ihre Fans und Follower zum Voting einladen und somit die Anzahl der Stimmen erh\u00f6hen.<br><br>\n\n<b>METHODIK<\/b><br><b>Repr\u00e4sentative Online-Befragung<\/b><br>\n<b>Erhebungszeitraum:<\/b> 01.05. bis 01.10.2024<br>\n<b>Befragte Altersgruppe<\/b>: 16 bis 25 Jahre; 26 bis 35 Jahre; +35 Jahre<br>\n<b>Kernzielgruppe:<\/b> 16 bis 35 Jahre<br>\n<b>Mindestanzahl Teilnehmer:innen pro Kategorie:<\/b> n= 1.000 (Altersgruppe 16 bis 35 Jahre)<br>\n<b>Anzahl abgefragter Marken:<\/b>\nMindestens 3, maximal 8 pro Kategorie<br>\n<b>Fragestellung:<\/b> z.B. \u201eDie beste Bausparkasse?\" -&gt; Auswahl aus 6-8 Marken<br>\nEs gewinnt die Marke mit den meisten Stimmen in der Altersgruppe 16 bis 35 Jahre.<br><\/h2>\t\t<\/div>\n\t\t\t\t<\/div>\n\t\t\t\t<div class=\"elementor-element elementor-element-4b479c3d elementor-widget-divider--view-line elementor-widget elementor-widget-divider\" data-id=\"4b479c3d\" data-element_type=\"widget\" data-widget_type=\"divider.default\">\n\t\t\t\t<div class=\"elementor-widget-container\">\n\t\t\t\t\t<div class=\"elementor-divider\">\n\t\t\t<span class=\"elementor-divider-separator\">\n\t\t\t\t\t\t<\/span>\n\t\t<\/div>\n\t\t\t\t<\/div>\n\t\t\t\t<\/div>\n\t\t\t\t\t<\/div>\n\t\t<\/div>\n\t\t\t\t\t\t\t<\/div>\n\t\t<\/section>\n\t\t\t\t<section class=\"elementor-section elementor-top-section elementor-element elementor-element-2e3630d4 elementor-section-boxed elementor-section-height-default elementor-section-height-default\" data-id=\"2e3630d4\" data-element_type=\"section\" data-settings=\"{&quot;background_background&quot;:&quot;classic&quot;}\">\n\t\t\t\t\t\t<div class=\"elementor-container elementor-column-gap-default\">\n\t\t\t\t\t<div class=\"elementor-column elementor-col-100 elementor-top-column elementor-element elementor-element-3d1719f3\" data-id=\"3d1719f3\" data-element_type=\"column\">\n\t\t\t<div class=\"elementor-widget-wrap elementor-element-populated\">\n\t\t\t\t\t\t\t\t<div class=\"elementor-element elementor-element-685084ea elementor-align-center elementor-widget elementor-widget-button\" data-id=\"685084ea\" data-element_type=\"widget\" data-widget_type=\"button.default\">\n\t\t\t\t<div class=\"elementor-widget-container\">\n\t\t\t\t\t<div class=\"elementor-button-wrapper\">\n\t\t\t<a href=\"mailto:lucienne@youngbrandawards.de\" class=\"elementor-button-link elementor-button elementor-size-sm\" role=\"button\">\n\t\t\t\t\t\t<span class=\"elementor-button-content-wrapper\">\n\t\t\t\t\t\t<span class=\"elementor-button-icon elementor-align-icon-left\">\n\t\t\t\t<i aria-hidden=\"true\" class=\"far fa-comment-alt\"><\/i>\t\t\t<\/span>\n\t\t\t\t\t\t<span class=\"elementor-button-text\">Kontakt aufnehmen<\/span>\n\t\t<\/span>\n\t\t\t\t\t<\/a>\n\t\t<\/div>\n\t\t\t\t<\/div>\n\t\t\t\t<\/div>\n\t\t\t\t\t<\/div>\n\t\t<\/div>\n\t\t\t\t\t\t\t<\/div>\n\t\t<\/section>\n\t\t\t\t<section class=\"elementor-section elementor-top-section elementor-element elementor-element-14dd3bf6 elementor-section-boxed elementor-section-height-default elementor-section-height-default\" data-id=\"14dd3bf6\" data-element_type=\"section\" data-settings=\"{&quot;background_background&quot;:&quot;classic&quot;}\">\n\t\t\t\t\t\t<div class=\"elementor-container elementor-column-gap-default\">\n\t\t\t\t\t<div class=\"elementor-column elementor-col-100 elementor-top-column elementor-element elementor-element-7bf1d68f\" data-id=\"7bf1d68f\" data-element_type=\"column\">\n\t\t\t<div class=\"elementor-widget-wrap elementor-element-populated\">\n\t\t\t\t\t\t\t\t<div class=\"elementor-element elementor-element-4b4edd4d elementor-widget elementor-widget-gallery\" data-id=\"4b4edd4d\" data-element_type=\"widget\" data-settings=\"{&quot;gallery_layout&quot;:&quot;justified&quot;,&quot;ideal_row_height&quot;:{&quot;unit&quot;:&quot;px&quot;,&quot;size&quot;:&quot;360&quot;,&quot;sizes&quot;:[]},&quot;gap&quot;:{&quot;unit&quot;:&quot;px&quot;,&quot;size&quot;:&quot;12&quot;,&quot;sizes&quot;:[]},&quot;lazyload&quot;:&quot;yes&quot;,&quot;ideal_row_height_tablet&quot;:{&quot;unit&quot;:&quot;px&quot;,&quot;size&quot;:150,&quot;sizes&quot;:[]},&quot;ideal_row_height_mobile&quot;:{&quot;unit&quot;:&quot;px&quot;,&quot;size&quot;:150,&quot;sizes&quot;:[]},&quot;gap_tablet&quot;:{&quot;unit&quot;:&quot;px&quot;,&quot;size&quot;:10,&quot;sizes&quot;:[]},&quot;gap_mobile&quot;:{&quot;unit&quot;:&quot;px&quot;,&quot;size&quot;:10,&quot;sizes&quot;:[]},&quot;link_to&quot;:&quot;file&quot;,&quot;overlay_background&quot;:&quot;yes&quot;,&quot;content_hover_animation&quot;:&quot;fade-in&quot;}\" data-widget_type=\"gallery.default\">\n\t\t\t\t<div class=\"elementor-widget-container\">\n\t\t\t\t\t<div class=\"elementor-gallery__container\">\n\t\t\t\t\t\t\t<a class=\"e-gallery-item elementor-gallery-item elementor-animated-content\" href=\"https:\/\/youngbrandawards.de\/wp-content\/uploads\/sites\/3\/2021\/10\/Bildschirmfoto-2020-05-20-um-15.10.56.png\" data-elementor-open-lightbox=\"yes\" data-elementor-lightbox-slideshow=\"all-4b4edd4d\" data-elementor-lightbox-title=\"Wagner\">\n\t\t\t\t\t<div class=\"e-gallery-image elementor-gallery-item__image\" data-thumbnail=\"https:\/\/youngbrandawards.de\/wp-content\/uploads\/sites\/3\/2021\/10\/Bildschirmfoto-2020-05-20-um-15.10.56.png\" data-width=\"712\" data-height=\"796\" alt=\"\" ><\/div>\n\t\t\t\t\t\t\t\t\t\t<div class=\"elementor-gallery-item__overlay\"><\/div>\n\t\t\t\t\t\t\t\t\t\t\t\t\t\t<\/a>\n\t\t\t\t\t\t\t<a class=\"e-gallery-item elementor-gallery-item elementor-animated-content\" href=\"https:\/\/youngbrandawards.de\/wp-content\/uploads\/sites\/3\/2021\/10\/TNP-Flyerbild-klein.png\" data-elementor-open-lightbox=\"yes\" data-elementor-lightbox-slideshow=\"all-4b4edd4d\" data-elementor-lightbox-title=\"tnp\">\n\t\t\t\t\t<div class=\"e-gallery-image elementor-gallery-item__image\" data-thumbnail=\"https:\/\/youngbrandawards.de\/wp-content\/uploads\/sites\/3\/2021\/10\/TNP-Flyerbild-klein.png\" data-width=\"592\" data-height=\"790\" alt=\"\" ><\/div>\n\t\t\t\t\t\t\t\t\t\t<div class=\"elementor-gallery-item__overlay\"><\/div>\n\t\t\t\t\t\t\t\t\t\t\t\t\t\t<\/a>\n\t\t\t\t\t\t\t<a class=\"e-gallery-item elementor-gallery-item elementor-animated-content\" href=\"https:\/\/youngbrandawards.de\/wp-content\/uploads\/sites\/3\/2021\/10\/Bildschirmfoto-2020-06-19-um-13.15.04.png\" data-elementor-open-lightbox=\"yes\" data-elementor-lightbox-slideshow=\"all-4b4edd4d\" data-elementor-lightbox-title=\"Wiesnhof\">\n\t\t\t\t\t<div class=\"e-gallery-image elementor-gallery-item__image\" data-thumbnail=\"https:\/\/youngbrandawards.de\/wp-content\/uploads\/sites\/3\/2021\/10\/Bildschirmfoto-2020-06-19-um-13.15.04.png\" data-width=\"800\" data-height=\"349\" alt=\"\" ><\/div>\n\t\t\t\t\t\t\t\t\t\t<div class=\"elementor-gallery-item__overlay\"><\/div>\n\t\t\t\t\t\t\t\t\t\t\t\t\t\t<\/a>\n\t\t\t\t\t\t\t<a class=\"e-gallery-item elementor-gallery-item elementor-animated-content\" href=\"https:\/\/youngbrandawards.de\/wp-content\/uploads\/sites\/3\/2021\/10\/Bildschirmfoto-2021-01-25-um-16.44.42.png\" data-elementor-open-lightbox=\"yes\" data-elementor-lightbox-slideshow=\"all-4b4edd4d\" data-elementor-lightbox-title=\"love\">\n\t\t\t\t\t<div class=\"e-gallery-image elementor-gallery-item__image\" data-thumbnail=\"https:\/\/youngbrandawards.de\/wp-content\/uploads\/sites\/3\/2021\/10\/Bildschirmfoto-2021-01-25-um-16.44.42.png\" data-width=\"584\" data-height=\"339\" alt=\"\" ><\/div>\n\t\t\t\t\t\t\t\t\t\t<div class=\"elementor-gallery-item__overlay\"><\/div>\n\t\t\t\t\t\t\t\t\t\t\t\t\t\t<\/a>\n\t\t\t\t\t\t\t<a class=\"e-gallery-item elementor-gallery-item elementor-animated-content\" href=\"https:\/\/youngbrandawards.de\/wp-content\/uploads\/sites\/3\/2021\/10\/Bildschirmfoto-2020-07-15-um-12.16.46.png\" data-elementor-open-lightbox=\"yes\" data-elementor-lightbox-slideshow=\"all-4b4edd4d\" data-elementor-lightbox-title=\"Chips\">\n\t\t\t\t\t<div class=\"e-gallery-image elementor-gallery-item__image\" data-thumbnail=\"https:\/\/youngbrandawards.de\/wp-content\/uploads\/sites\/3\/2021\/10\/Bildschirmfoto-2020-07-15-um-12.16.46.png\" data-width=\"800\" data-height=\"524\" alt=\"\" ><\/div>\n\t\t\t\t\t\t\t\t\t\t<div class=\"elementor-gallery-item__overlay\"><\/div>\n\t\t\t\t\t\t\t\t\t\t\t\t\t\t<\/a>\n\t\t\t\t\t\t\t<a class=\"e-gallery-item elementor-gallery-item elementor-animated-content\" href=\"https:\/\/youngbrandawards.de\/wp-content\/uploads\/sites\/3\/2021\/10\/Bildschirmfoto-2020-11-03-um-14.46.13.png\" data-elementor-open-lightbox=\"yes\" data-elementor-lightbox-slideshow=\"all-4b4edd4d\" data-elementor-lightbox-title=\"Frosta\">\n\t\t\t\t\t<div class=\"e-gallery-image elementor-gallery-item__image\" data-thumbnail=\"https:\/\/youngbrandawards.de\/wp-content\/uploads\/sites\/3\/2021\/10\/Bildschirmfoto-2020-11-03-um-14.46.13.png\" data-width=\"684\" data-height=\"800\" alt=\"\" ><\/div>\n\t\t\t\t\t\t\t\t\t\t<div class=\"elementor-gallery-item__overlay\"><\/div>\n\t\t\t\t\t\t\t\t\t\t\t\t\t\t<\/a>\n\t\t\t\t\t\t\t<a class=\"e-gallery-item elementor-gallery-item elementor-animated-content\" href=\"https:\/\/youngbrandawards.de\/wp-content\/uploads\/sites\/3\/2021\/10\/ibSji0-Q.png\" data-elementor-open-lightbox=\"yes\" data-elementor-lightbox-slideshow=\"all-4b4edd4d\" data-elementor-lightbox-title=\"ibSji0-Q\">\n\t\t\t\t\t<div class=\"e-gallery-image elementor-gallery-item__image\" data-thumbnail=\"https:\/\/youngbrandawards.de\/wp-content\/uploads\/sites\/3\/2021\/10\/ibSji0-Q.png\" data-width=\"719\" data-height=\"617\" alt=\"\" ><\/div>\n\t\t\t\t\t\t\t\t\t\t<div class=\"elementor-gallery-item__overlay\"><\/div>\n\t\t\t\t\t\t\t\t\t\t\t\t\t\t<\/a>\n\t\t\t\t\t<\/div>\n\t\t\t<\/div>\n\t\t\t\t<\/div>\n\t\t\t\t\t<\/div>\n\t\t<\/div>\n\t\t\t\t\t\t\t<\/div>\n\t\t<\/section>\n\t\t\t\t<section class=\"elementor-section elementor-top-section elementor-element elementor-element-552cf88d elementor-section-boxed elementor-section-height-default elementor-section-height-default\" data-id=\"552cf88d\" data-element_type=\"section\" data-settings=\"{&quot;background_background&quot;:&quot;classic&quot;}\">\n\t\t\t\t\t\t<div class=\"elementor-container elementor-column-gap-default\">\n\t\t\t\t\t<div class=\"elementor-column elementor-col-100 elementor-top-column elementor-element elementor-element-525ba19f\" data-id=\"525ba19f\" data-element_type=\"column\">\n\t\t\t<div class=\"elementor-widget-wrap elementor-element-populated\">\n\t\t\t\t\t\t\t\t<div class=\"elementor-element elementor-element-3c6601e4 elementor-widget elementor-widget-heading\" data-id=\"3c6601e4\" data-element_type=\"widget\" data-widget_type=\"heading.default\">\n\t\t\t\t<div class=\"elementor-widget-container\">\n\t\t\t<h2 class=\"elementor-heading-title elementor-size-default\">Das Voting 2024 startet in:<\/h2>\t\t<\/div>\n\t\t\t\t<\/div>\n\t\t\t\t<div class=\"elementor-element elementor-element-616a6866 elementor-countdown--label-block elementor-widget elementor-widget-countdown\" data-id=\"616a6866\" data-element_type=\"widget\" data-widget_type=\"countdown.default\">\n\t\t\t\t<div class=\"elementor-widget-container\">\n\t\t\t\t\t<div class=\"elementor-countdown-wrapper\" data-date=\"1714557600\">\n\t\t\t<div class=\"elementor-countdown-item\"><span class=\"elementor-countdown-digits elementor-countdown-days\"><\/span> <span class=\"elementor-countdown-label\">Days<\/span><\/div><div class=\"elementor-countdown-item\"><span class=\"elementor-countdown-digits elementor-countdown-hours\"><\/span> <span class=\"elementor-countdown-label\">Hours<\/span><\/div><div class=\"elementor-countdown-item\"><span class=\"elementor-countdown-digits elementor-countdown-minutes\"><\/span> <span class=\"elementor-countdown-label\">Minutes<\/span><\/div>\t\t<\/div>\n\t\t\t\t<\/div>\n\t\t\t\t<\/div>\n\t\t\t\t\t<\/div>\n\t\t<\/div>\n\t\t\t\t\t\t\t<\/div>\n\t\t<\/section>\n\t\t\t\t<section class=\"elementor-section elementor-top-section elementor-element elementor-element-4b006db elementor-section-boxed elementor-section-height-default elementor-section-height-default\" data-id=\"4b006db\" data-element_type=\"section\" data-settings=\"{&quot;background_background&quot;:&quot;classic&quot;}\">\n\t\t\t\t\t\t<div class=\"elementor-container elementor-column-gap-default\">\n\t\t\t\t\t<div class=\"elementor-column elementor-col-100 elementor-top-column elementor-element elementor-element-eb11ae6\" data-id=\"eb11ae6\" data-element_type=\"column\">\n\t\t\t<div class=\"elementor-widget-wrap elementor-element-populated\">\n\t\t\t\t\t\t\t\t<div class=\"elementor-element elementor-element-e44757d elementor-widget-divider--view-line elementor-widget elementor-widget-divider\" data-id=\"e44757d\" data-element_type=\"widget\" data-widget_type=\"divider.default\">\n\t\t\t\t<div class=\"elementor-widget-container\">\n\t\t\t\t\t<div class=\"elementor-divider\">\n\t\t\t<span class=\"elementor-divider-separator\">\n\t\t\t\t\t\t<\/span>\n\t\t<\/div>\n\t\t\t\t<\/div>\n\t\t\t\t<\/div>\n\t\t\t\t\t<\/div>\n\t\t<\/div>\n\t\t\t\t\t\t\t<\/div>\n\t\t<\/section>\n\t\t\t\t\t\t<\/div>\n\t\t\t\t\t<\/div>\n\t\t","protected":false},"excerpt":{"rendered":"<p>EURE LIEBLINGSMARKEN 2024 NOMINIERUNG Alle Marken werden im Rahmen einer ungest\u00fctzten Umfrage im Youngcom Jugendnetwork (Altersgruppe 16 bis 35 Jahre; n=200; Januar 2024) nominiert. TEILNAHME &#8222;LIEBLINGSMARKEN 2024&#8220; &#8211; Das Voting startet am 01.05.2024 und endet am 01.10.2024 &#8211; Abgefragt wird jeweils die beliebteste Marke (in einer Auswahl von mindestens 3 und maximal 8 Marken) einer [&hellip;]<\/p>\n","protected":false},"author":1,"featured_media":0,"parent":0,"menu_order":0,"comment_status":"closed","ping_status":"closed","template":"","meta":[],"yoast_head":"<!-- This site is optimized with the Yoast SEO plugin v20.1 - https:\/\/yoast.com\/wordpress\/plugins\/seo\/ -->\n<title>Marken Info 2024 | YoungBrandAwards<\/title>\n<meta name=\"description\" content=\"Die YoungBrandAwards sind seit 2011 das gro\u00dfe unabha\u0308ngige\u2028 Verbrauchervoting f\u00fcr Marken, Produkte und Services.\u2028\u2028\" \/>\n<meta name=\"robots\" content=\"index, follow, max-snippet:-1, max-image-preview:large, max-video-preview:-1\" \/>\n<link rel=\"canonical\" href=\"https:\/\/youngbrandawards.de\/en\/marken-info-2024\/\" \/>\n<meta property=\"og:locale\" content=\"en_US\" \/>\n<meta property=\"og:type\" content=\"article\" \/>\n<meta property=\"og:title\" content=\"Marken Info 2024 | YoungBrandAwards\" \/>\n<meta property=\"og:description\" content=\"Die YoungBrandAwards sind seit 2011 das gro\u00dfe unabha\u0308ngige\u2028 Verbrauchervoting f\u00fcr Marken, Produkte und Services.\u2028\u2028\" \/>\n<meta property=\"og:url\" content=\"https:\/\/youngbrandawards.de\/en\/marken-info-2024\/\" \/>\n<meta property=\"og:site_name\" content=\"youngbrandawards\" \/>\n<meta property=\"article:modified_time\" content=\"2024-04-24T17:26:43+00:00\" \/>\n<meta name=\"twitter:card\" content=\"summary_large_image\" \/>\n<meta name=\"twitter:label1\" content=\"Est. reading time\" \/>\n\t<meta name=\"twitter:data1\" content=\"1 minute\" \/>\n<script type=\"application\/ld+json\" class=\"yoast-schema-graph\">{\"@context\":\"https:\/\/schema.org\",\"@graph\":[{\"@type\":\"WebPage\",\"@id\":\"https:\/\/youngbrandawards.de\/marken-info-2024\/\",\"url\":\"https:\/\/youngbrandawards.de\/marken-info-2024\/\",\"name\":\"Marken Info 2024 | YoungBrandAwards\",\"isPartOf\":{\"@id\":\"https:\/\/youngbrandawards.de\/#website\"},\"datePublished\":\"2023-12-21T21:01:30+00:00\",\"dateModified\":\"2024-04-24T17:26:43+00:00\",\"description\":\"Die YoungBrandAwards sind seit 2011 das gro\u00dfe unabha\u0308ngige\\u2028 Verbrauchervoting f\u00fcr Marken, Produkte und Services.\\u2028\\u2028\",\"breadcrumb\":{\"@id\":\"https:\/\/youngbrandawards.de\/marken-info-2024\/#breadcrumb\"},\"inLanguage\":\"en-US\",\"potentialAction\":[{\"@type\":\"ReadAction\",\"target\":[\"https:\/\/youngbrandawards.de\/marken-info-2024\/\"]}]},{\"@type\":\"BreadcrumbList\",\"@id\":\"https:\/\/youngbrandawards.de\/marken-info-2024\/#breadcrumb\",\"itemListElement\":[{\"@type\":\"ListItem\",\"position\":1,\"name\":\"Startseite\",\"item\":\"https:\/\/youngbrandawards.de\/\"},{\"@type\":\"ListItem\",\"position\":2,\"name\":\"Marken Info 2024\"}]},{\"@type\":\"WebSite\",\"@id\":\"https:\/\/youngbrandawards.de\/#website\",\"url\":\"https:\/\/youngbrandawards.de\/\",\"name\":\"youngbrandawards\",\"description\":\"Das gro\u00dfe Verbrauchervoting - Eure Stimme z\u00e4hlt\",\"publisher\":{\"@id\":\"https:\/\/youngbrandawards.de\/#organization\"},\"potentialAction\":[{\"@type\":\"SearchAction\",\"target\":{\"@type\":\"EntryPoint\",\"urlTemplate\":\"https:\/\/youngbrandawards.de\/?s={search_term_string}\"},\"query-input\":\"required name=search_term_string\"}],\"inLanguage\":\"en-US\"},{\"@type\":\"Organization\",\"@id\":\"https:\/\/youngbrandawards.de\/#organization\",\"name\":\"YoungBrandAwards\",\"url\":\"https:\/\/youngbrandawards.de\/\",\"logo\":{\"@type\":\"ImageObject\",\"inLanguage\":\"en-US\",\"@id\":\"https:\/\/youngbrandawards.de\/#\/schema\/logo\/image\/\",\"url\":\"https:\/\/youngbrandawards.de\/wp-content\/uploads\/sites\/3\/2022\/02\/Young-Award_Logo-Plain.png\",\"contentUrl\":\"https:\/\/youngbrandawards.de\/wp-content\/uploads\/sites\/3\/2022\/02\/Young-Award_Logo-Plain.png\",\"width\":1418,\"height\":606,\"caption\":\"YoungBrandAwards\"},\"image\":{\"@id\":\"https:\/\/youngbrandawards.de\/#\/schema\/logo\/image\/\"}}]}<\/script>\n<!-- \/ Yoast SEO plugin. -->","yoast_head_json":{"title":"Marken Info 2024 | YoungBrandAwards","description":"Die YoungBrandAwards sind seit 2011 das gro\u00dfe unabha\u0308ngige\u2028 Verbrauchervoting f\u00fcr Marken, Produkte und Services.\u2028\u2028","robots":{"index":"index","follow":"follow","max-snippet":"max-snippet:-1","max-image-preview":"max-image-preview:large","max-video-preview":"max-video-preview:-1"},"canonical":"https:\/\/youngbrandawards.de\/en\/marken-info-2024\/","og_locale":"en_US","og_type":"article","og_title":"Marken Info 2024 | YoungBrandAwards","og_description":"Die YoungBrandAwards sind seit 2011 das gro\u00dfe unabha\u0308ngige\u2028 Verbrauchervoting f\u00fcr Marken, Produkte und Services.\u2028\u2028","og_url":"https:\/\/youngbrandawards.de\/en\/marken-info-2024\/","og_site_name":"youngbrandawards","article_modified_time":"2024-04-24T17:26:43+00:00","twitter_card":"summary_large_image","twitter_misc":{"Est. reading time":"1 minute"},"schema":{"@context":"https:\/\/schema.org","@graph":[{"@type":"WebPage","@id":"https:\/\/youngbrandawards.de\/marken-info-2024\/","url":"https:\/\/youngbrandawards.de\/marken-info-2024\/","name":"Marken Info 2024 | YoungBrandAwards","isPartOf":{"@id":"https:\/\/youngbrandawards.de\/#website"},"datePublished":"2023-12-21T21:01:30+00:00","dateModified":"2024-04-24T17:26:43+00:00","description":"Die YoungBrandAwards sind seit 2011 das gro\u00dfe unabha\u0308ngige\u2028 Verbrauchervoting f\u00fcr Marken, Produkte und Services.\u2028\u2028","breadcrumb":{"@id":"https:\/\/youngbrandawards.de\/marken-info-2024\/#breadcrumb"},"inLanguage":"en-US","potentialAction":[{"@type":"ReadAction","target":["https:\/\/youngbrandawards.de\/marken-info-2024\/"]}]},{"@type":"BreadcrumbList","@id":"https:\/\/youngbrandawards.de\/marken-info-2024\/#breadcrumb","itemListElement":[{"@type":"ListItem","position":1,"name":"Startseite","item":"https:\/\/youngbrandawards.de\/"},{"@type":"ListItem","position":2,"name":"Marken Info 2024"}]},{"@type":"WebSite","@id":"https:\/\/youngbrandawards.de\/#website","url":"https:\/\/youngbrandawards.de\/","name":"youngbrandawards","description":"The big consumer voting - your vote counts","publisher":{"@id":"https:\/\/youngbrandawards.de\/#organization"},"potentialAction":[{"@type":"SearchAction","target":{"@type":"EntryPoint","urlTemplate":"https:\/\/youngbrandawards.de\/?s={search_term_string}"},"query-input":"required name=search_term_string"}],"inLanguage":"en-US"},{"@type":"Organization","@id":"https:\/\/youngbrandawards.de\/#organization","name":"YoungBrandAwards","url":"https:\/\/youngbrandawards.de\/","logo":{"@type":"ImageObject","inLanguage":"en-US","@id":"https:\/\/youngbrandawards.de\/#\/schema\/logo\/image\/","url":"https:\/\/youngbrandawards.de\/wp-content\/uploads\/sites\/3\/2022\/02\/Young-Award_Logo-Plain.png","contentUrl":"https:\/\/youngbrandawards.de\/wp-content\/uploads\/sites\/3\/2022\/02\/Young-Award_Logo-Plain.png","width":1418,"height":606,"caption":"YoungBrandAwards"},"image":{"@id":"https:\/\/youngbrandawards.de\/#\/schema\/logo\/image\/"}}]}},"_links":{"self":[{"href":"https:\/\/youngbrandawards.de\/en\/wp-json\/wp\/v2\/pages\/5382"}],"collection":[{"href":"https:\/\/youngbrandawards.de\/en\/wp-json\/wp\/v2\/pages"}],"about":[{"href":"https:\/\/youngbrandawards.de\/en\/wp-json\/wp\/v2\/types\/page"}],"author":[{"embeddable":true,"href":"https:\/\/youngbrandawards.de\/en\/wp-json\/wp\/v2\/users\/1"}],"replies":[{"embeddable":true,"href":"https:\/\/youngbrandawards.de\/en\/wp-json\/wp\/v2\/comments?post=5382"}],"version-history":[{"count":50,"href":"https:\/\/youngbrandawards.de\/en\/wp-json\/wp\/v2\/pages\/5382\/revisions"}],"predecessor-version":[{"id":6377,"href":"https:\/\/youngbrandawards.de\/en\/wp-json\/wp\/v2\/pages\/5382\/revisions\/6377"}],"wp:attachment":[{"href":"https:\/\/youngbrandawards.de\/en\/wp-json\/wp\/v2\/media?parent=5382"}],"curies":[{"name":"wp","href":"https:\/\/api.w.org\/{rel}","templated":true}]}}