{"id":5405,"date":"2024-01-08T15:28:07","date_gmt":"2024-01-08T14:28:07","guid":{"rendered":"https:\/\/youngbrandawards.de\/?page_id=5405"},"modified":"2024-05-14T10:10:37","modified_gmt":"2024-05-14T08:10:37","slug":"arbeitgeber_2024","status":"publish","type":"page","link":"https:\/\/youngbrandawards.de\/en\/arbeitgeber_2024\/","title":{"rendered":"Employer_2024"},"content":{"rendered":"<div data-elementor-type=\"wp-page\" data-elementor-id=\"5405\" class=\"elementor elementor-5405\" data-elementor-settings=\"[]\">\n\t\t\t\t\t\t\t<div class=\"elementor-section-wrap\">\n\t\t\t\t\t\t\t<section class=\"elementor-section elementor-top-section elementor-element elementor-element-d7b8198 elementor-section-boxed elementor-section-height-default elementor-section-height-default\" data-id=\"d7b8198\" data-element_type=\"section\" data-settings=\"{&quot;background_background&quot;:&quot;classic&quot;}\">\n\t\t\t\t\t\t<div class=\"elementor-container elementor-column-gap-default\">\n\t\t\t\t\t<div class=\"elementor-column elementor-col-100 elementor-top-column elementor-element elementor-element-e6f1c27\" data-id=\"e6f1c27\" data-element_type=\"column\">\n\t\t\t<div class=\"elementor-widget-wrap elementor-element-populated\">\n\t\t\t\t\t\t\t\t<div class=\"elementor-element elementor-element-9ea3d51 elementor-widget-divider--view-line elementor-widget elementor-widget-divider\" data-id=\"9ea3d51\" data-element_type=\"widget\" data-widget_type=\"divider.default\">\n\t\t\t\t<div class=\"elementor-widget-container\">\n\t\t\t\t\t<div class=\"elementor-divider\">\n\t\t\t<span class=\"elementor-divider-separator\">\n\t\t\t\t\t\t<\/span>\n\t\t<\/div>\n\t\t\t\t<\/div>\n\t\t\t\t<\/div>\n\t\t\t\t\t<\/div>\n\t\t<\/div>\n\t\t\t\t\t\t\t<\/div>\n\t\t<\/section>\n\t\t\t\t<section class=\"elementor-section elementor-top-section elementor-element elementor-element-2339ef92 elementor-section-height-min-height elementor-section-boxed elementor-section-height-default elementor-section-items-middle\" data-id=\"2339ef92\" data-element_type=\"section\" data-settings=\"{&quot;background_background&quot;:&quot;classic&quot;,&quot;background_motion_fx_motion_fx_scrolling&quot;:&quot;yes&quot;,&quot;background_motion_fx_opacity_level&quot;:{&quot;unit&quot;:&quot;px&quot;,&quot;size&quot;:&quot;1&quot;,&quot;sizes&quot;:[]},&quot;background_motion_fx_blur_effect&quot;:&quot;yes&quot;,&quot;background_motion_fx_blur_level&quot;:{&quot;unit&quot;:&quot;px&quot;,&quot;size&quot;:1,&quot;sizes&quot;:[]},&quot;background_motion_fx_opacity_effect&quot;:&quot;yes&quot;,&quot;background_motion_fx_opacity_range&quot;:{&quot;unit&quot;:&quot;%&quot;,&quot;size&quot;:&quot;&quot;,&quot;sizes&quot;:{&quot;start&quot;:&quot;18&quot;,&quot;end&quot;:&quot;80&quot;}},&quot;background_motion_fx_scale_effect&quot;:&quot;yes&quot;,&quot;background_motion_fx_opacity_direction&quot;:&quot;out-in&quot;,&quot;background_motion_fx_blur_direction&quot;:&quot;out-in&quot;,&quot;background_motion_fx_blur_range&quot;:{&quot;unit&quot;:&quot;%&quot;,&quot;size&quot;:&quot;&quot;,&quot;sizes&quot;:{&quot;start&quot;:20,&quot;end&quot;:80}},&quot;background_motion_fx_scale_direction&quot;:&quot;out-in&quot;,&quot;background_motion_fx_scale_speed&quot;:{&quot;unit&quot;:&quot;px&quot;,&quot;size&quot;:4,&quot;sizes&quot;:[]},&quot;background_motion_fx_scale_range&quot;:{&quot;unit&quot;:&quot;%&quot;,&quot;size&quot;:&quot;&quot;,&quot;sizes&quot;:{&quot;start&quot;:20,&quot;end&quot;:80}},&quot;background_motion_fx_devices&quot;:[&quot;desktop&quot;,&quot;tablet&quot;,&quot;mobile&quot;]}\">\n\t\t\t\t\t\t\t<div class=\"elementor-background-overlay\"><\/div>\n\t\t\t\t\t\t\t<div class=\"elementor-container elementor-column-gap-default\">\n\t\t\t\t\t<div class=\"elementor-column elementor-col-100 elementor-top-column elementor-element elementor-element-112f06d8\" data-id=\"112f06d8\" data-element_type=\"column\">\n\t\t\t<div class=\"elementor-widget-wrap elementor-element-populated\">\n\t\t\t\t\t\t\t\t<div class=\"elementor-element elementor-element-35067617 elementor-widget elementor-widget-heading\" data-id=\"35067617\" data-element_type=\"widget\" data-widget_type=\"heading.default\">\n\t\t\t\t<div class=\"elementor-widget-container\">\n\t\t\t<h2 class=\"elementor-heading-title elementor-size-default\"><a href=\"https:\/\/youngbrandawards.de\/en\/next-gen-workplace-die-arbeitgeber-mit-den-besten-benefits\/\">NEXT-GEN WORKPLACE 2024<\/a><\/h2>\t\t<\/div>\n\t\t\t\t<\/div>\n\t\t\t\t\t<\/div>\n\t\t<\/div>\n\t\t\t\t\t\t\t<\/div>\n\t\t<\/section>\n\t\t\t\t<section class=\"elementor-section elementor-top-section elementor-element elementor-element-58989444 elementor-section-boxed elementor-section-height-default elementor-section-height-default\" data-id=\"58989444\" data-element_type=\"section\" data-settings=\"{&quot;background_background&quot;:&quot;classic&quot;}\">\n\t\t\t\t\t\t<div class=\"elementor-container elementor-column-gap-default\">\n\t\t\t\t\t<div class=\"elementor-column elementor-col-100 elementor-top-column elementor-element elementor-element-31952e55\" data-id=\"31952e55\" data-element_type=\"column\">\n\t\t\t<div class=\"elementor-widget-wrap elementor-element-populated\">\n\t\t\t\t\t\t\t\t<div class=\"elementor-element elementor-element-3a05a7a1 elementor-widget elementor-widget-heading\" data-id=\"3a05a7a1\" data-element_type=\"widget\" data-widget_type=\"heading.default\">\n\t\t\t\t<div class=\"elementor-widget-container\">\n\t\t\t<h2 class=\"elementor-heading-title elementor-size-default\"><strong>\nPARTICIPATION<\/strong><br>\n<br><strong>NEXT GEN WORKPLACE - The employers with the best benefits in 2024:<\/strong> <br>\n\nRegional and national employers can take part. Regional queries by zip code are possible. All employers who are rated by at least 300 participants with an average score of 3.0 out of 5.0 will receive the &quot;NEXT GEN WORKPLACE 2024 - The employers with the best benefits&quot; award.<br><br>Questions: 1) Did you know that COMPANIES <i>interesting jobs\/apprenticeships\/dual studies <\/i>offers?<br>\n2) Which benefits of COMPANY do you particularly like? (Multiple Choice)<br>\n3) How attractive do you find the benefits of COMPANY? (SCORE)<br>\n4) How interested are you in COMPANY as an employer?<br><br>Voting starts on May 1st, 2024 and ends on October 1st, 2024 (12 p.m. each time).<br>Companies can participate until August 1, 2024.\n<br>\n<br><strong>METHODOLOGY<br>\n<\/strong><strong>Type of survey: <\/strong>Randomized, representative online voting<br>\n<strong>Survey period: <\/strong>\nMay 1, 2024 to October 1, 2024 <br><strong>\nAge groups surveyed:<\/strong> \n16 to 25 years, 26 to 35 years, +35 years<br><strong>\nParticipants per provider\/service: <\/strong>\nat least n=300 people<br>\n<br><br><\/h2>\t\t<\/div>\n\t\t\t\t<\/div>\n\t\t\t\t<div class=\"elementor-element elementor-element-62f23d76 elementor-widget-divider--view-line elementor-widget elementor-widget-divider\" data-id=\"62f23d76\" data-element_type=\"widget\" data-widget_type=\"divider.default\">\n\t\t\t\t<div class=\"elementor-widget-container\">\n\t\t\t\t\t<div class=\"elementor-divider\">\n\t\t\t<span class=\"elementor-divider-separator\">\n\t\t\t\t\t\t<\/span>\n\t\t<\/div>\n\t\t\t\t<\/div>\n\t\t\t\t<\/div>\n\t\t\t\t\t<\/div>\n\t\t<\/div>\n\t\t\t\t\t\t\t<\/div>\n\t\t<\/section>\n\t\t\t\t<section class=\"elementor-section elementor-top-section elementor-element elementor-element-bea7065 elementor-section-boxed elementor-section-height-default elementor-section-height-default\" data-id=\"bea7065\" data-element_type=\"section\" data-settings=\"{&quot;background_background&quot;:&quot;classic&quot;}\">\n\t\t\t\t\t\t<div class=\"elementor-container elementor-column-gap-default\">\n\t\t\t\t\t<div class=\"elementor-column elementor-col-100 elementor-top-column elementor-element elementor-element-b0941a5\" data-id=\"b0941a5\" data-element_type=\"column\">\n\t\t\t<div class=\"elementor-widget-wrap elementor-element-populated\">\n\t\t\t\t\t\t\t\t<div class=\"elementor-element elementor-element-e63d8a5 elementor-align-center elementor-widget elementor-widget-button\" data-id=\"e63d8a5\" data-element_type=\"widget\" data-widget_type=\"button.default\">\n\t\t\t\t<div class=\"elementor-widget-container\">\n\t\t\t\t\t<div class=\"elementor-button-wrapper\">\n\t\t\t<a href=\"mailto:lucienne@youngbrandawards.de\" class=\"elementor-button-link elementor-button elementor-size-sm\" role=\"button\">\n\t\t\t\t\t\t<span class=\"elementor-button-content-wrapper\">\n\t\t\t\t\t\t<span class=\"elementor-button-icon elementor-align-icon-left\">\n\t\t\t\t<i aria-hidden=\"true\" class=\"far fa-comment-alt\"><\/i>\t\t\t<\/span>\n\t\t\t\t\t\t<span class=\"elementor-button-text\">make contact<\/span>\n\t\t<\/span>\n\t\t\t\t\t<\/a>\n\t\t<\/div>\n\t\t\t\t<\/div>\n\t\t\t\t<\/div>\n\t\t\t\t\t<\/div>\n\t\t<\/div>\n\t\t\t\t\t\t\t<\/div>\n\t\t<\/section>\n\t\t\t\t<section class=\"elementor-section elementor-top-section elementor-element elementor-element-537b0c3d elementor-section-boxed elementor-section-height-default elementor-section-height-default\" data-id=\"537b0c3d\" data-element_type=\"section\" data-settings=\"{&quot;background_background&quot;:&quot;classic&quot;}\">\n\t\t\t\t\t\t<div class=\"elementor-container elementor-column-gap-default\">\n\t\t\t\t\t<div class=\"elementor-column elementor-col-100 elementor-top-column elementor-element elementor-element-50624146\" data-id=\"50624146\" data-element_type=\"column\">\n\t\t\t<div class=\"elementor-widget-wrap elementor-element-populated\">\n\t\t\t\t\t\t\t\t<div class=\"elementor-element elementor-element-4162ed71 elementor-widget elementor-widget-gallery\" data-id=\"4162ed71\" data-element_type=\"widget\" data-settings=\"{&quot;gallery_layout&quot;:&quot;justified&quot;,&quot;ideal_row_height&quot;:{&quot;unit&quot;:&quot;px&quot;,&quot;size&quot;:&quot;360&quot;,&quot;sizes&quot;:[]},&quot;gap&quot;:{&quot;unit&quot;:&quot;px&quot;,&quot;size&quot;:&quot;12&quot;,&quot;sizes&quot;:[]},&quot;lazyload&quot;:&quot;yes&quot;,&quot;ideal_row_height_tablet&quot;:{&quot;unit&quot;:&quot;px&quot;,&quot;size&quot;:150,&quot;sizes&quot;:[]},&quot;ideal_row_height_mobile&quot;:{&quot;unit&quot;:&quot;px&quot;,&quot;size&quot;:150,&quot;sizes&quot;:[]},&quot;gap_tablet&quot;:{&quot;unit&quot;:&quot;px&quot;,&quot;size&quot;:10,&quot;sizes&quot;:[]},&quot;gap_mobile&quot;:{&quot;unit&quot;:&quot;px&quot;,&quot;size&quot;:10,&quot;sizes&quot;:[]},&quot;link_to&quot;:&quot;file&quot;,&quot;overlay_background&quot;:&quot;yes&quot;,&quot;content_hover_animation&quot;:&quot;fade-in&quot;}\" data-widget_type=\"gallery.default\">\n\t\t\t\t<div class=\"elementor-widget-container\">\n\t\t\t\t\t<div class=\"elementor-gallery__container\">\n\t\t\t\t\t\t\t<a class=\"e-gallery-item elementor-gallery-item elementor-animated-content\" href=\"https:\/\/youngbrandawards.de\/wp-content\/uploads\/sites\/3\/2023\/10\/XXXLutz-Auszubildende-scaled.jpeg\" data-elementor-open-lightbox=\"yes\" data-elementor-lightbox-slideshow=\"all-4162ed71\" data-elementor-lightbox-title=\"XXXLutz Auszubildende\">\n\t\t\t\t\t<div class=\"e-gallery-image elementor-gallery-item__image\" data-thumbnail=\"https:\/\/youngbrandawards.de\/wp-content\/uploads\/sites\/3\/2023\/10\/XXXLutz-Auszubildende-scaled.jpeg\" data-width=\"2560\" data-height=\"1707\" alt=\"\" ><\/div>\n\t\t\t\t\t\t\t\t\t\t<div class=\"elementor-gallery-item__overlay\"><\/div>\n\t\t\t\t\t\t\t\t\t\t\t\t\t\t<\/a>\n\t\t\t\t\t\t\t<a class=\"e-gallery-item elementor-gallery-item elementor-animated-content\" href=\"https:\/\/youngbrandawards.de\/wp-content\/uploads\/sites\/3\/2023\/10\/David_16zu9_3840x2160px_Layout-scaled.jpg\" data-elementor-open-lightbox=\"yes\" data-elementor-lightbox-slideshow=\"all-4162ed71\" data-elementor-lightbox-title=\"David_16zu9_3840x2160px_Layout\">\n\t\t\t\t\t<div class=\"e-gallery-image elementor-gallery-item__image\" data-thumbnail=\"https:\/\/youngbrandawards.de\/wp-content\/uploads\/sites\/3\/2023\/10\/David_16zu9_3840x2160px_Layout-scaled.jpg\" data-width=\"2560\" data-height=\"1440\" alt=\"\" ><\/div>\n\t\t\t\t\t\t\t\t\t\t<div class=\"elementor-gallery-item__overlay\"><\/div>\n\t\t\t\t\t\t\t\t\t\t\t\t\t\t<\/a>\n\t\t\t\t\t\t\t<a class=\"e-gallery-item elementor-gallery-item elementor-animated-content\" href=\"https:\/\/youngbrandawards.de\/wp-content\/uploads\/sites\/3\/2023\/10\/Bildschirm\u00adfoto-2023-10-25-um-13.45.53.png\" data-elementor-open-lightbox=\"yes\" data-elementor-lightbox-slideshow=\"all-4162ed71\" data-elementor-lightbox-title=\"Mv_schwerin2\">\n\t\t\t\t\t<div class=\"e-gallery-image elementor-gallery-item__image\" data-thumbnail=\"https:\/\/youngbrandawards.de\/wp-content\/uploads\/sites\/3\/2023\/10\/Bildschirm\u00adfoto-2023-10-25-um-13.45.53.png\" data-width=\"579\" data-height=\"340\" alt=\"\" ><\/div>\n\t\t\t\t\t\t\t\t\t\t<div class=\"elementor-gallery-item__overlay\"><\/div>\n\t\t\t\t\t\t\t\t\t\t\t\t\t\t<\/a>\n\t\t\t\t\t\t\t<a class=\"e-gallery-item elementor-gallery-item elementor-animated-content\" href=\"https:\/\/youngbrandawards.de\/wp-content\/uploads\/sites\/3\/2023\/10\/Bildschirm\u00adfoto-2023-10-25-um-18.31.00.png\" data-elementor-open-lightbox=\"yes\" data-elementor-lightbox-slideshow=\"all-4162ed71\" data-elementor-lightbox-title=\"Bildschirm\u00adfoto 2023-10-25 um 18.31.00\">\n\t\t\t\t\t<div class=\"e-gallery-image elementor-gallery-item__image\" data-thumbnail=\"https:\/\/youngbrandawards.de\/wp-content\/uploads\/sites\/3\/2023\/10\/Bildschirm\u00adfoto-2023-10-25-um-18.31.00.png\" data-width=\"549\" data-height=\"408\" alt=\"\" ><\/div>\n\t\t\t\t\t\t\t\t\t\t<div class=\"elementor-gallery-item__overlay\"><\/div>\n\t\t\t\t\t\t\t\t\t\t\t\t\t\t<\/a>\n\t\t\t\t\t<\/div>\n\t\t\t<\/div>\n\t\t\t\t<\/div>\n\t\t\t\t\t<\/div>\n\t\t<\/div>\n\t\t\t\t\t\t\t<\/div>\n\t\t<\/section>\n\t\t\t\t\t\t<\/div>\n\t\t\t\t\t<\/div>","protected":false},"excerpt":{"rendered":"<p>NEXT GEN WORKPLACE 2024 TEILNAHME NEXT GEN WORKPLACE &#8211; Die Arbeitgeber mit den besten Benefits 2024: Teilnehmen k\u00f6nnen regionale und \u00fcberregionale Arbeitgeber. Die regionale Abfrage nach PLZ ist m\u00f6glich. Alle Arbeitgeber, die von mindestens 300 Teilnehmer:innen mit einem durchschnittlichen Score von 3.0 von 5.0 bewertet werden, erhalten die Auszeichnung &#8222;NEXT GEN WORKPLACE 2024 &#8211; Die [&hellip;]<\/p>","protected":false},"author":1,"featured_media":0,"parent":0,"menu_order":0,"comment_status":"closed","ping_status":"closed","template":"","meta":[],"yoast_head":"<!-- This site is optimized with the Yoast SEO plugin v20.1 - https:\/\/yoast.com\/wordpress\/plugins\/seo\/ -->\n<title>Arbeitgeber_2024 | YoungBrandAwards<\/title>\n<meta name=\"description\" content=\"Die Verbraucher:innen haben die Gewinner 2022 gew\u00e4hlt: Die beliebtesten Marken und die interessantesten (neuen) Produkte und Services.\" \/>\n<meta name=\"robots\" content=\"index, follow, max-snippet:-1, max-image-preview:large, max-video-preview:-1\" \/>\n<link rel=\"canonical\" href=\"https:\/\/youngbrandawards.de\/en\/arbeitgeber_2024\/\" \/>\n<meta property=\"og:locale\" content=\"en_US\" \/>\n<meta property=\"og:type\" content=\"article\" \/>\n<meta property=\"og:title\" content=\"Arbeitgeber_2024 | YoungBrandAwards\" \/>\n<meta property=\"og:description\" content=\"Die Verbraucher:innen haben die Gewinner 2022 gew\u00e4hlt: Die beliebtesten Marken und die interessantesten (neuen) Produkte und Services.\" \/>\n<meta property=\"og:url\" content=\"https:\/\/youngbrandawards.de\/en\/arbeitgeber_2024\/\" \/>\n<meta property=\"og:site_name\" content=\"youngbrandawards\" \/>\n<meta property=\"article:modified_time\" content=\"2024-05-14T08:10:37+00:00\" \/>\n<meta name=\"twitter:card\" content=\"summary_large_image\" \/>\n<meta name=\"twitter:label1\" content=\"Est. reading time\" \/>\n\t<meta name=\"twitter:data1\" content=\"1 minute\" \/>\n<script type=\"application\/ld+json\" class=\"yoast-schema-graph\">{\"@context\":\"https:\/\/schema.org\",\"@graph\":[{\"@type\":\"WebPage\",\"@id\":\"https:\/\/youngbrandawards.de\/arbeitgeber_2024\/\",\"url\":\"https:\/\/youngbrandawards.de\/arbeitgeber_2024\/\",\"name\":\"Arbeitgeber_2024 | YoungBrandAwards\",\"isPartOf\":{\"@id\":\"https:\/\/youngbrandawards.de\/#website\"},\"datePublished\":\"2024-01-08T14:28:07+00:00\",\"dateModified\":\"2024-05-14T08:10:37+00:00\",\"description\":\"Die Verbraucher:innen haben die Gewinner 2022 gew\u00e4hlt: Die beliebtesten Marken und die interessantesten (neuen) Produkte und Services.\",\"breadcrumb\":{\"@id\":\"https:\/\/youngbrandawards.de\/arbeitgeber_2024\/#breadcrumb\"},\"inLanguage\":\"en-US\",\"potentialAction\":[{\"@type\":\"ReadAction\",\"target\":[\"https:\/\/youngbrandawards.de\/arbeitgeber_2024\/\"]}]},{\"@type\":\"BreadcrumbList\",\"@id\":\"https:\/\/youngbrandawards.de\/arbeitgeber_2024\/#breadcrumb\",\"itemListElement\":[{\"@type\":\"ListItem\",\"position\":1,\"name\":\"Startseite\",\"item\":\"https:\/\/youngbrandawards.de\/\"},{\"@type\":\"ListItem\",\"position\":2,\"name\":\"Arbeitgeber_2024\"}]},{\"@type\":\"WebSite\",\"@id\":\"https:\/\/youngbrandawards.de\/#website\",\"url\":\"https:\/\/youngbrandawards.de\/\",\"name\":\"youngbrandawards\",\"description\":\"Das gro\u00dfe Verbrauchervoting - Eure Stimme z\u00e4hlt\",\"publisher\":{\"@id\":\"https:\/\/youngbrandawards.de\/#organization\"},\"potentialAction\":[{\"@type\":\"SearchAction\",\"target\":{\"@type\":\"EntryPoint\",\"urlTemplate\":\"https:\/\/youngbrandawards.de\/?s={search_term_string}\"},\"query-input\":\"required name=search_term_string\"}],\"inLanguage\":\"en-US\"},{\"@type\":\"Organization\",\"@id\":\"https:\/\/youngbrandawards.de\/#organization\",\"name\":\"YoungBrandAwards\",\"url\":\"https:\/\/youngbrandawards.de\/\",\"logo\":{\"@type\":\"ImageObject\",\"inLanguage\":\"en-US\",\"@id\":\"https:\/\/youngbrandawards.de\/#\/schema\/logo\/image\/\",\"url\":\"https:\/\/youngbrandawards.de\/wp-content\/uploads\/sites\/3\/2022\/02\/Young-Award_Logo-Plain.png\",\"contentUrl\":\"https:\/\/youngbrandawards.de\/wp-content\/uploads\/sites\/3\/2022\/02\/Young-Award_Logo-Plain.png\",\"width\":1418,\"height\":606,\"caption\":\"YoungBrandAwards\"},\"image\":{\"@id\":\"https:\/\/youngbrandawards.de\/#\/schema\/logo\/image\/\"}}]}<\/script>\n<!-- \/ Yoast SEO plugin. -->","yoast_head_json":{"title":"Arbeitgeber_2024 | YoungBrandAwards","description":"Die Verbraucher:innen haben die Gewinner 2022 gew\u00e4hlt: Die beliebtesten Marken und die interessantesten (neuen) Produkte und Services.","robots":{"index":"index","follow":"follow","max-snippet":"max-snippet:-1","max-image-preview":"max-image-preview:large","max-video-preview":"max-video-preview:-1"},"canonical":"https:\/\/youngbrandawards.de\/en\/arbeitgeber_2024\/","og_locale":"en_US","og_type":"article","og_title":"Arbeitgeber_2024 | YoungBrandAwards","og_description":"Die Verbraucher:innen haben die Gewinner 2022 gew\u00e4hlt: Die beliebtesten Marken und die interessantesten (neuen) Produkte und Services.","og_url":"https:\/\/youngbrandawards.de\/en\/arbeitgeber_2024\/","og_site_name":"youngbrandawards","article_modified_time":"2024-05-14T08:10:37+00:00","twitter_card":"summary_large_image","twitter_misc":{"Est. reading time":"1 minute"},"schema":{"@context":"https:\/\/schema.org","@graph":[{"@type":"WebPage","@id":"https:\/\/youngbrandawards.de\/arbeitgeber_2024\/","url":"https:\/\/youngbrandawards.de\/arbeitgeber_2024\/","name":"Arbeitgeber_2024 | YoungBrandAwards","isPartOf":{"@id":"https:\/\/youngbrandawards.de\/#website"},"datePublished":"2024-01-08T14:28:07+00:00","dateModified":"2024-05-14T08:10:37+00:00","description":"Die Verbraucher:innen haben die Gewinner 2022 gew\u00e4hlt: Die beliebtesten Marken und die interessantesten (neuen) Produkte und Services.","breadcrumb":{"@id":"https:\/\/youngbrandawards.de\/arbeitgeber_2024\/#breadcrumb"},"inLanguage":"en-US","potentialAction":[{"@type":"ReadAction","target":["https:\/\/youngbrandawards.de\/arbeitgeber_2024\/"]}]},{"@type":"BreadcrumbList","@id":"https:\/\/youngbrandawards.de\/arbeitgeber_2024\/#breadcrumb","itemListElement":[{"@type":"ListItem","position":1,"name":"Startseite","item":"https:\/\/youngbrandawards.de\/"},{"@type":"ListItem","position":2,"name":"Arbeitgeber_2024"}]},{"@type":"WebSite","@id":"https:\/\/youngbrandawards.de\/#website","url":"https:\/\/youngbrandawards.de\/","name":"youngbrandawards","description":"Das gro\u00dfe Verbrauchervoting - Eure Stimme z\u00e4hlt","publisher":{"@id":"https:\/\/youngbrandawards.de\/#organization"},"potentialAction":[{"@type":"SearchAction","target":{"@type":"EntryPoint","urlTemplate":"https:\/\/youngbrandawards.de\/?s={search_term_string}"},"query-input":"required name=search_term_string"}],"inLanguage":"en-US"},{"@type":"Organization","@id":"https:\/\/youngbrandawards.de\/#organization","name":"YoungBrandAwards","url":"https:\/\/youngbrandawards.de\/","logo":{"@type":"ImageObject","inLanguage":"en-US","@id":"https:\/\/youngbrandawards.de\/#\/schema\/logo\/image\/","url":"https:\/\/youngbrandawards.de\/wp-content\/uploads\/sites\/3\/2022\/02\/Young-Award_Logo-Plain.png","contentUrl":"https:\/\/youngbrandawards.de\/wp-content\/uploads\/sites\/3\/2022\/02\/Young-Award_Logo-Plain.png","width":1418,"height":606,"caption":"YoungBrandAwards"},"image":{"@id":"https:\/\/youngbrandawards.de\/#\/schema\/logo\/image\/"}}]}},"_links":{"self":[{"href":"https:\/\/youngbrandawards.de\/en\/wp-json\/wp\/v2\/pages\/5405"}],"collection":[{"href":"https:\/\/youngbrandawards.de\/en\/wp-json\/wp\/v2\/pages"}],"about":[{"href":"https:\/\/youngbrandawards.de\/en\/wp-json\/wp\/v2\/types\/page"}],"author":[{"embeddable":true,"href":"https:\/\/youngbrandawards.de\/en\/wp-json\/wp\/v2\/users\/1"}],"replies":[{"embeddable":true,"href":"https:\/\/youngbrandawards.de\/en\/wp-json\/wp\/v2\/comments?post=5405"}],"version-history":[{"count":69,"href":"https:\/\/youngbrandawards.de\/en\/wp-json\/wp\/v2\/pages\/5405\/revisions"}],"predecessor-version":[{"id":6615,"href":"https:\/\/youngbrandawards.de\/en\/wp-json\/wp\/v2\/pages\/5405\/revisions\/6615"}],"wp:attachment":[{"href":"https:\/\/youngbrandawards.de\/en\/wp-json\/wp\/v2\/media?parent=5405"}],"curies":[{"name":"wp","href":"https:\/\/api.w.org\/{rel}","templated":true}]}}