{"id":5883,"date":"2024-04-02T15:34:49","date_gmt":"2024-04-02T13:34:49","guid":{"rendered":"https:\/\/youngbrandawards.de\/?page_id=5883"},"modified":"2024-04-02T15:43:58","modified_gmt":"2024-04-02T13:43:58","slug":"finanzprodukte-und-services-2024","status":"publish","type":"page","link":"https:\/\/youngbrandawards.de\/en\/finanzprodukte-und-services-2024\/","title":{"rendered":"Financial Products and Services 2024"},"content":{"rendered":"<div data-elementor-type=\"wp-page\" data-elementor-id=\"5883\" class=\"elementor elementor-5883\" data-elementor-settings=\"[]\">\n\t\t\t\t\t\t\t<div class=\"elementor-section-wrap\">\n\t\t\t\t\t\t\t<section class=\"elementor-section elementor-top-section elementor-element elementor-element-0d45e0f elementor-section-boxed elementor-section-height-default elementor-section-height-default\" data-id=\"0d45e0f\" data-element_type=\"section\" data-settings=\"{&quot;background_background&quot;:&quot;classic&quot;}\">\n\t\t\t\t\t\t<div class=\"elementor-container elementor-column-gap-default\">\n\t\t\t\t\t<div class=\"elementor-column elementor-col-100 elementor-top-column elementor-element elementor-element-543d760\" data-id=\"543d760\" data-element_type=\"column\">\n\t\t\t<div class=\"elementor-widget-wrap elementor-element-populated\">\n\t\t\t\t\t\t\t\t<div class=\"elementor-element elementor-element-9ebb281 elementor-widget elementor-widget-heading\" data-id=\"9ebb281\" data-element_type=\"widget\" data-widget_type=\"heading.default\">\n\t\t\t\t<div class=\"elementor-widget-container\">\n\t\t\t<h2 class=\"elementor-heading-title elementor-size-default\">The best checking accounts 2024:<\/h2>\t\t<\/div>\n\t\t\t\t<\/div>\n\t\t\t\t\t<\/div>\n\t\t<\/div>\n\t\t\t\t\t\t\t<\/div>\n\t\t<\/section>\n\t\t\t\t<section class=\"elementor-section elementor-top-section elementor-element elementor-element-7e4b167 elementor-section-content-middle elementor-section-boxed elementor-section-height-default elementor-section-height-default\" data-id=\"7e4b167\" data-element_type=\"section\" data-settings=\"{&quot;background_background&quot;:&quot;classic&quot;}\">\n\t\t\t\t\t\t<div class=\"elementor-container elementor-column-gap-narrow\">\n\t\t\t\t\t<div class=\"elementor-column elementor-col-100 elementor-top-column elementor-element elementor-element-b122383\" data-id=\"b122383\" data-element_type=\"column\">\n\t\t\t<div class=\"elementor-widget-wrap elementor-element-populated\">\n\t\t\t\t\t\t\t\t<div class=\"elementor-element elementor-element-e9f9d19 elementor-widget elementor-widget-case27-listing-feed-widget\" data-id=\"e9f9d19\" data-element_type=\"widget\" data-widget_type=\"case27-listing-feed-widget.default\">\n\t\t\t\t<div class=\"elementor-widget-container\">\n\t\t\t\r\n\t<section class=\"i-section listing-feed\">\r\n\t\t<div class=\"container-fluid\">\r\n\t\t\t<div class=\"row section-body grid\">\r\n\t\t\t\t\t\t\t\t\t<div class=\"col-lg-6 col-md-4 col-sm-6 col-xs-12 grid-item\"><div\r\n    class=\"lf-item-container listing-preview type-start-ins-eigene-leben lf-type-2 post-4976 job_listing type-job_listing status-publish hentry case27_job_listing_tags-finanzprodukte-fuer-die-junge-generation-2023 case27_job_listing_tags-girokonten_2024  has-logo has-tagline has-info-fields level-normal priority-0\"\r\n    data-id=\"listing-id-4976\"\r\n    data-latitude=\"\"\r\n    data-longitude=\"\"\r\n    data-category-icon=\"\"\r\n    data-category-color=\"\"\r\n    data-category-text-color=\"\"\r\n    data-thumbnail=\"https:\/\/youngbrandawards.de\/wp-content\/uploads\/sites\/3\/2023\/10\/targobank-150x150.png\"\r\n    data-template=\"alternate\"\r\n>\r\n<div class=\"lf-item lf-item-alternate\" data-template=\"alternate\">\r\n    <a href=\"https:\/\/youngbrandawards.de\/en\/lieblingsmarke\/starterkonto\/\">\r\n\r\n        <div class=\"overlay\" style=\"    background-color: #242429;    opacity: 0.5;\"><\/div>\r\n        \r\n                    <div class=\"lf-background\" style=\"background-image: url('https:\/\/youngbrandawards.de\/wp-content\/uploads\/sites\/3\/2023\/10\/Bildschirm\u00adfoto-2023-10-25-um-18.03.57-768x401.png');\"><\/div>\r\n        \r\n        <div class=\"lf-item-info-2\">\r\n                            <div class=\"lf-avatar\" style=\"background-image: url('https:\/\/youngbrandawards.de\/wp-content\/uploads\/sites\/3\/2023\/10\/targobank-150x150.png')\"><\/div>\r\n            \r\n            <h4 class=\"case27-secondary-text listing-preview-title\">\r\n                Starter account                            <\/h4>\r\n\r\n                            <h6>Your advantages at a glance:<\/h6>\r\n            \r\n            \r\n<ul class=\"lf-contact\">\r\n\t            <li >\r\n            \t                1. Free account management even without regular incoming payments             <\/li>\r\n                    <li >\r\n            \t                2. Bank anywhere, anytime with app and SMS\/email service             <\/li>\r\n                    <li >\r\n            \t                3. Pay for free and easily with Apple Pay             <\/li>\r\n                    <li >\r\n            \t                4. Pay in stores with your Visa debit card \u2013 including at more than 80 million retailers worldwide             <\/li>\r\n                    <li >\r\n            \t                5. Free transfers also at the counter, by phone or by post             <\/li>\r\n                    <li >\r\n            \t                6. Free cash withdrawals at TARGOBANK ATMs with the Visa debit card             <\/li>\r\n        <\/ul>\r\n        <\/div>\r\n\r\n        <div class=\"lf-head level-normal\">\r\n    \r\n    <\/div>    <\/a>\r\n\r\n    <\/div>\r\n\r\n        <div class=\"listing-details-3 c27-footer-section\">\r\n            <ul class=\"details-list\">\r\n                                        <li class=\"\"  >\r\n                                                        <span><a href=\"https:\/\/www.financeads.net\/tc.php?t=67068C50517722T\" class=\"buttons button-1\">To the provider <\/a><\/span>\r\n                        <\/li>\r\n                                <\/ul>\r\n        <\/div>\r\n        <\/div>\r\n<\/div>\t\t\t\t\t\t\t<\/div>\r\n\t\t<\/div>\r\n\t<\/section>\r\n\r\n\t\t<\/div>\n\t\t\t\t<\/div>\n\t\t\t\t\t<\/div>\n\t\t<\/div>\n\t\t\t\t\t\t\t<\/div>\n\t\t<\/section>\n\t\t\t\t<section class=\"elementor-section elementor-top-section elementor-element elementor-element-393592f elementor-section-boxed elementor-section-height-default elementor-section-height-default\" data-id=\"393592f\" data-element_type=\"section\" data-settings=\"{&quot;background_background&quot;:&quot;classic&quot;}\">\n\t\t\t\t\t\t<div class=\"elementor-container elementor-column-gap-default\">\n\t\t\t\t\t<div class=\"elementor-column elementor-col-100 elementor-top-column elementor-element elementor-element-16237c3\" data-id=\"16237c3\" data-element_type=\"column\">\n\t\t\t<div class=\"elementor-widget-wrap elementor-element-populated\">\n\t\t\t\t\t\t\t\t<div class=\"elementor-element elementor-element-14039f4f elementor-widget-divider--view-line elementor-widget elementor-widget-divider\" data-id=\"14039f4f\" data-element_type=\"widget\" data-widget_type=\"divider.default\">\n\t\t\t\t<div class=\"elementor-widget-container\">\n\t\t\t\t\t<div class=\"elementor-divider\">\n\t\t\t<span class=\"elementor-divider-separator\">\n\t\t\t\t\t\t<\/span>\n\t\t<\/div>\n\t\t\t\t<\/div>\n\t\t\t\t<\/div>\n\t\t\t\t<div class=\"elementor-element elementor-element-66b02763 elementor-widget elementor-widget-heading\" data-id=\"66b02763\" data-element_type=\"widget\" data-widget_type=\"heading.default\">\n\t\t\t\t<div class=\"elementor-widget-container\">\n\t\t\t<h2 class=\"elementor-heading-title elementor-size-default\">methodology<br>Products &amp; Services for young people<\/h2>\t\t<\/div>\n\t\t\t\t<\/div>\n\t\t\t\t<div class=\"elementor-element elementor-element-2a7f3a28 elementor-widget elementor-widget-text-editor\" data-id=\"2a7f3a28\" data-element_type=\"widget\" data-widget_type=\"text-editor.default\">\n\t\t\t\t<div class=\"elementor-widget-container\">\n\t\t\t\t\t\t\t<h1><span style=\"color: #ffffff;\"><strong>Randomized, representative online voting<\/strong><\/span><\/h1>\n<h1><span style=\"color: #ffffff;\"><strong>Objective of the survey: Working out the basic interest in a product\/service by a) querying the specific product features and advantages and b) evaluating the interest. <br><\/strong><\/span><\/h1>\n<h1><span style=\"color: #ffffff;\"><strong>Survey period: 15.02. until 15.10.2022<br><\/strong><\/span><\/h1>\n<h1><span style=\"color: #ffffff;\"><strong>Interviewed age group: 16 years and older<br><\/strong><\/span><\/h1>\n<h1><span style=\"color: #ffffff;\"><strong>Participating Products &amp; Services: 21<br><\/strong><\/span><\/h1>\n<h1><span style=\"color: #ffffff;\"><strong>Winner: 4th<br><\/strong><\/span><\/h1>\n<h1><span style=\"color: #ffffff;\"><strong>Award: Winner<\/strong><\/span><\/h1>\n<p><\/p>\n<h1><span style=\"color: #ffffff;\"><strong>Persons interviewed per product &amp; service: at least n=300 persons<\/strong><strong>n<\/strong><\/span><\/h1>\n<h1><span style=\"color: #ffffff;\"><strong>Score based on <\/strong><strong>Product interest: <br>Question 1: Have you heard of product\/service\/vendor X? <br>(Skip answer: This is basically not for me)<br>Question 2: What features and benefits of X do you like? (Multiple choice)<br>Question3 : How interesting do you find product\/service X? (0 to 5 stars\/points)<\/strong><\/span><\/h1>\n<h1><span style=\"color: #ffffff;\"><strong>Minimum score winner (= evaluation score): <br>3,<\/strong><strong><span style=\"color: #ffffff;\">0 of 5.0 stars\/<\/span>points<br><\/strong><\/span><\/h1>\t\t\t\t\t\t<\/div>\n\t\t\t\t<\/div>\n\t\t\t\t\t<\/div>\n\t\t<\/div>\n\t\t\t\t\t\t\t<\/div>\n\t\t<\/section>\n\t\t\t\t\t\t<\/div>\n\t\t\t\t\t<\/div>","protected":false},"excerpt":{"rendered":"<p>Die besten Girokonten 2024: MethodikProdukte &amp; Services f\u00fcr junge Leute Randomisiert, repr\u00e4sentatives Online-Voting Ziel der&nbsp;Erhebung: Herausarbeitung des grunds\u00e4tzlichen Interesses an einem Produkt\/Service durch a) Abfrage der konkreten Produktmerkmale und Vorteile und b) Bewertung des Interesses. Erhebungszeitraum: 15.02. bis 15.10.2022 Befragte Altersgruppe: ab 16 Jahre Teilnehmende Produkte &amp; Services: 21 Gewinner: 4 Auszeichnung: Gewinner Befragte Personen [&hellip;]<\/p>\n","protected":false},"author":1,"featured_media":0,"parent":0,"menu_order":0,"comment_status":"closed","ping_status":"closed","template":"","meta":[],"yoast_head":"<!-- This site is optimized with the Yoast SEO plugin v20.1 - https:\/\/yoast.com\/wordpress\/plugins\/seo\/ -->\n<title>Finanzprodukte und Services 2024 - youngbrandawards<\/title>\n<meta name=\"robots\" content=\"index, follow, max-snippet:-1, max-image-preview:large, max-video-preview:-1\" \/>\n<link rel=\"canonical\" href=\"https:\/\/youngbrandawards.de\/en\/finanzprodukte-und-services-2024\/\" \/>\n<meta property=\"og:locale\" content=\"en_US\" \/>\n<meta property=\"og:type\" content=\"article\" \/>\n<meta property=\"og:title\" content=\"Finanzprodukte und Services 2024 - youngbrandawards\" \/>\n<meta property=\"og:description\" content=\"Die besten Girokonten 2024: MethodikProdukte &amp; Services f\u00fcr junge Leute Randomisiert, repr\u00e4sentatives Online-Voting Ziel der&nbsp;Erhebung: Herausarbeitung des grunds\u00e4tzlichen Interesses an einem Produkt\/Service durch a) Abfrage der konkreten Produktmerkmale und Vorteile und b) Bewertung des Interesses. Erhebungszeitraum: 15.02. bis 15.10.2022 Befragte Altersgruppe: ab 16 Jahre Teilnehmende Produkte &amp; Services: 21 Gewinner: 4 Auszeichnung: Gewinner Befragte Personen [&hellip;]\" \/>\n<meta property=\"og:url\" content=\"https:\/\/youngbrandawards.de\/en\/finanzprodukte-und-services-2024\/\" \/>\n<meta property=\"og:site_name\" content=\"youngbrandawards\" \/>\n<meta property=\"article:modified_time\" content=\"2024-04-02T13:43:58+00:00\" \/>\n<meta name=\"twitter:card\" content=\"summary_large_image\" \/>\n<meta name=\"twitter:label1\" content=\"Est. reading time\" \/>\n\t<meta name=\"twitter:data1\" content=\"1 minute\" \/>\n<script type=\"application\/ld+json\" class=\"yoast-schema-graph\">{\"@context\":\"https:\/\/schema.org\",\"@graph\":[{\"@type\":\"WebPage\",\"@id\":\"https:\/\/youngbrandawards.de\/finanzprodukte-und-services-2024\/\",\"url\":\"https:\/\/youngbrandawards.de\/finanzprodukte-und-services-2024\/\",\"name\":\"Finanzprodukte und Services 2024 - youngbrandawards\",\"isPartOf\":{\"@id\":\"https:\/\/youngbrandawards.de\/#website\"},\"datePublished\":\"2024-04-02T13:34:49+00:00\",\"dateModified\":\"2024-04-02T13:43:58+00:00\",\"breadcrumb\":{\"@id\":\"https:\/\/youngbrandawards.de\/finanzprodukte-und-services-2024\/#breadcrumb\"},\"inLanguage\":\"en-US\",\"potentialAction\":[{\"@type\":\"ReadAction\",\"target\":[\"https:\/\/youngbrandawards.de\/finanzprodukte-und-services-2024\/\"]}]},{\"@type\":\"BreadcrumbList\",\"@id\":\"https:\/\/youngbrandawards.de\/finanzprodukte-und-services-2024\/#breadcrumb\",\"itemListElement\":[{\"@type\":\"ListItem\",\"position\":1,\"name\":\"Startseite\",\"item\":\"https:\/\/youngbrandawards.de\/\"},{\"@type\":\"ListItem\",\"position\":2,\"name\":\"Finanzprodukte und Services 2024\"}]},{\"@type\":\"WebSite\",\"@id\":\"https:\/\/youngbrandawards.de\/#website\",\"url\":\"https:\/\/youngbrandawards.de\/\",\"name\":\"youngbrandawards\",\"description\":\"Das gro\u00dfe Verbrauchervoting - Eure Stimme z\u00e4hlt\",\"publisher\":{\"@id\":\"https:\/\/youngbrandawards.de\/#organization\"},\"potentialAction\":[{\"@type\":\"SearchAction\",\"target\":{\"@type\":\"EntryPoint\",\"urlTemplate\":\"https:\/\/youngbrandawards.de\/?s={search_term_string}\"},\"query-input\":\"required name=search_term_string\"}],\"inLanguage\":\"en-US\"},{\"@type\":\"Organization\",\"@id\":\"https:\/\/youngbrandawards.de\/#organization\",\"name\":\"YoungBrandAwards\",\"url\":\"https:\/\/youngbrandawards.de\/\",\"logo\":{\"@type\":\"ImageObject\",\"inLanguage\":\"en-US\",\"@id\":\"https:\/\/youngbrandawards.de\/#\/schema\/logo\/image\/\",\"url\":\"https:\/\/youngbrandawards.de\/wp-content\/uploads\/sites\/3\/2022\/02\/Young-Award_Logo-Plain.png\",\"contentUrl\":\"https:\/\/youngbrandawards.de\/wp-content\/uploads\/sites\/3\/2022\/02\/Young-Award_Logo-Plain.png\",\"width\":1418,\"height\":606,\"caption\":\"YoungBrandAwards\"},\"image\":{\"@id\":\"https:\/\/youngbrandawards.de\/#\/schema\/logo\/image\/\"}}]}<\/script>\n<!-- \/ Yoast SEO plugin. -->","yoast_head_json":{"title":"Finanzprodukte und Services 2024 - youngbrandawards","robots":{"index":"index","follow":"follow","max-snippet":"max-snippet:-1","max-image-preview":"max-image-preview:large","max-video-preview":"max-video-preview:-1"},"canonical":"https:\/\/youngbrandawards.de\/en\/finanzprodukte-und-services-2024\/","og_locale":"en_US","og_type":"article","og_title":"Finanzprodukte und Services 2024 - youngbrandawards","og_description":"Die besten Girokonten 2024: MethodikProdukte &amp; Services f\u00fcr junge Leute Randomisiert, repr\u00e4sentatives Online-Voting Ziel der&nbsp;Erhebung: Herausarbeitung des grunds\u00e4tzlichen Interesses an einem Produkt\/Service durch a) Abfrage der konkreten Produktmerkmale und Vorteile und b) Bewertung des Interesses. Erhebungszeitraum: 15.02. bis 15.10.2022 Befragte Altersgruppe: ab 16 Jahre Teilnehmende Produkte &amp; Services: 21 Gewinner: 4 Auszeichnung: Gewinner Befragte Personen [&hellip;]","og_url":"https:\/\/youngbrandawards.de\/en\/finanzprodukte-und-services-2024\/","og_site_name":"youngbrandawards","article_modified_time":"2024-04-02T13:43:58+00:00","twitter_card":"summary_large_image","twitter_misc":{"Est. reading time":"1 minute"},"schema":{"@context":"https:\/\/schema.org","@graph":[{"@type":"WebPage","@id":"https:\/\/youngbrandawards.de\/finanzprodukte-und-services-2024\/","url":"https:\/\/youngbrandawards.de\/finanzprodukte-und-services-2024\/","name":"Finanzprodukte und Services 2024 - youngbrandawards","isPartOf":{"@id":"https:\/\/youngbrandawards.de\/#website"},"datePublished":"2024-04-02T13:34:49+00:00","dateModified":"2024-04-02T13:43:58+00:00","breadcrumb":{"@id":"https:\/\/youngbrandawards.de\/finanzprodukte-und-services-2024\/#breadcrumb"},"inLanguage":"en-US","potentialAction":[{"@type":"ReadAction","target":["https:\/\/youngbrandawards.de\/finanzprodukte-und-services-2024\/"]}]},{"@type":"BreadcrumbList","@id":"https:\/\/youngbrandawards.de\/finanzprodukte-und-services-2024\/#breadcrumb","itemListElement":[{"@type":"ListItem","position":1,"name":"Startseite","item":"https:\/\/youngbrandawards.de\/"},{"@type":"ListItem","position":2,"name":"Finanzprodukte und Services 2024"}]},{"@type":"WebSite","@id":"https:\/\/youngbrandawards.de\/#website","url":"https:\/\/youngbrandawards.de\/","name":"youngbrandawards","description":"The big consumer voting - your vote counts","publisher":{"@id":"https:\/\/youngbrandawards.de\/#organization"},"potentialAction":[{"@type":"SearchAction","target":{"@type":"EntryPoint","urlTemplate":"https:\/\/youngbrandawards.de\/?s={search_term_string}"},"query-input":"required name=search_term_string"}],"inLanguage":"en-US"},{"@type":"Organization","@id":"https:\/\/youngbrandawards.de\/#organization","name":"YoungBrandAwards","url":"https:\/\/youngbrandawards.de\/","logo":{"@type":"ImageObject","inLanguage":"en-US","@id":"https:\/\/youngbrandawards.de\/#\/schema\/logo\/image\/","url":"https:\/\/youngbrandawards.de\/wp-content\/uploads\/sites\/3\/2022\/02\/Young-Award_Logo-Plain.png","contentUrl":"https:\/\/youngbrandawards.de\/wp-content\/uploads\/sites\/3\/2022\/02\/Young-Award_Logo-Plain.png","width":1418,"height":606,"caption":"YoungBrandAwards"},"image":{"@id":"https:\/\/youngbrandawards.de\/#\/schema\/logo\/image\/"}}]}},"_links":{"self":[{"href":"https:\/\/youngbrandawards.de\/en\/wp-json\/wp\/v2\/pages\/5883"}],"collection":[{"href":"https:\/\/youngbrandawards.de\/en\/wp-json\/wp\/v2\/pages"}],"about":[{"href":"https:\/\/youngbrandawards.de\/en\/wp-json\/wp\/v2\/types\/page"}],"author":[{"embeddable":true,"href":"https:\/\/youngbrandawards.de\/en\/wp-json\/wp\/v2\/users\/1"}],"replies":[{"embeddable":true,"href":"https:\/\/youngbrandawards.de\/en\/wp-json\/wp\/v2\/comments?post=5883"}],"version-history":[{"count":6,"href":"https:\/\/youngbrandawards.de\/en\/wp-json\/wp\/v2\/pages\/5883\/revisions"}],"predecessor-version":[{"id":5889,"href":"https:\/\/youngbrandawards.de\/en\/wp-json\/wp\/v2\/pages\/5883\/revisions\/5889"}],"wp:attachment":[{"href":"https:\/\/youngbrandawards.de\/en\/wp-json\/wp\/v2\/media?parent=5883"}],"curies":[{"name":"wp","href":"https:\/\/api.w.org\/{rel}","templated":true}]}}